{"id":401789,"date":"2025-05-12T15:55:32","date_gmt":"2025-05-12T15:55:32","guid":{"rendered":"https:\/\/irankiuzona.lt\/product\/smeliasrove-smeliapute-76l-4\/"},"modified":"2026-04-12T15:21:27","modified_gmt":"2026-04-12T15:21:27","slug":"smeliasrove-smeliapute-76l-4","status":"publish","type":"product","link":"https:\/\/irankiuzona.lt\/ru\/product\/smeliasrove-smeliapute-76l-4\/","title":{"rendered":"Sm\u0117liasrov\u0117\/sm\u0117liap\u016bt\u0117 76L"},"content":{"rendered":"<p>Techniniai duomenys\u00a0\u00a0\u00a0 Bako talpa: 76 litrai\u00a0\u00a0\u00a0 Rekomenduojamas oro srautas: 180 l \/ min esant 5 barams\u00a0\u00a0\u00a0 Darbinis sl\u0117gis: 60-125 PSI\u00a0\u00a0\u00a0 Oro reikalavimai: 170-700 L \/ min\u00a0\u00a0\u00a0 \u017darnos ilgis: 2,5 m\u00a0\u00a0\u00a0 4 keramini\u0173 antgali\u0173 antgaliai: 2,3, 2,7, 3,0, 3,5 mm\u00a0\u00a0\u00a0 Pakuot\u0117s turinys:\u00a0\u00a0\u00a0 1x sl\u0117gio bakas sm\u0117liad\u0117\u017e\u0117ms\u00a0\u00a0\u00a0 1x dr\u0117gm\u0117s filtras\u00a0\u00a0\u00a0 1x u\u017edarymo vo\u017etuvas\u00a0\u00a0\u00a0 1x manometras 0 &#8211; 150 psi\u00a0\u00a0\u00a0 1x u\u017epildymo piltuvas\u00a0\u00a0\u00a0 4x purk\u0161tukas\u00a0\u00a0\u00a0 2x 5,5 &quot;guminiai ratai\u00a0\u00a0\u00a0 1x 2,5m \u017earna\u00a0\u00a0\u00a0 1x drobinis sprogimo gaubtas\u00a0\u00a0\u00a0 1x teflonin\u0117 juosta\u00a0\u00a0\u00a0 Svoris:25kg<\/p>","protected":false},"excerpt":{"rendered":"<p>Sm\u0117liasrov\u0117\/sm\u0117liap\u016bt\u0117 76L<\/p>","protected":false},"featured_media":186364,"comment_status":"open","ping_status":"open","template":"","meta":[],"product_cat":[9896],"product_tag":[9810],"class_list":{"0":"post-401789","1":"product","2":"type-product","3":"status-publish","4":"has-post-thumbnail","6":"product_brand-geko-lenkija","7":"product_cat-smeliasroves-irankiai-smeliavimui-plovykles","8":"product_tag-geko-lenkija","10":"first","11":"outofstock","12":"purchasable","13":"product-type-simple"},"jetpack_sharing_enabled":true,"_links":{"self":[{"href":"https:\/\/irankiuzona.lt\/ru\/wp-json\/wp\/v2\/product\/401789","targetHints":{"allow":["GET"]}}],"collection":[{"href":"https:\/\/irankiuzona.lt\/ru\/wp-json\/wp\/v2\/product"}],"about":[{"href":"https:\/\/irankiuzona.lt\/ru\/wp-json\/wp\/v2\/types\/product"}],"replies":[{"embeddable":true,"href":"https:\/\/irankiuzona.lt\/ru\/wp-json\/wp\/v2\/comments?post=401789"}],"version-history":[{"count":1,"href":"https:\/\/irankiuzona.lt\/ru\/wp-json\/wp\/v2\/product\/401789\/revisions"}],"predecessor-version":[{"id":418604,"href":"https:\/\/irankiuzona.lt\/ru\/wp-json\/wp\/v2\/product\/401789\/revisions\/418604"}],"wp:featuredmedia":[{"embeddable":true,"href":"https:\/\/irankiuzona.lt\/ru\/wp-json\/wp\/v2\/media\/186364"}],"wp:attachment":[{"href":"https:\/\/irankiuzona.lt\/ru\/wp-json\/wp\/v2\/media?parent=401789"}],"wp:term":[{"taxonomy":"product_cat","embeddable":true,"href":"https:\/\/irankiuzona.lt\/ru\/wp-json\/wp\/v2\/product_cat?post=401789"},{"taxonomy":"product_tag","embeddable":true,"href":"https:\/\/irankiuzona.lt\/ru\/wp-json\/wp\/v2\/product_tag?post=401789"}],"curies":[{"name":"wp","href":"https:\/\/api.w.org\/{rel}","templated":true}]}}