{"id":401791,"date":"2025-05-12T15:55:34","date_gmt":"2025-05-12T15:55:34","guid":{"rendered":"https:\/\/irankiuzona.lt\/product\/smeliavimo-kabina-90l-4\/"},"modified":"2026-04-12T16:28:34","modified_gmt":"2026-04-12T16:28:34","slug":"smeliavimo-kabina-90l-4","status":"publish","type":"product","link":"https:\/\/irankiuzona.lt\/ru\/product\/smeliavimo-kabina-90l-4\/","title":{"rendered":"Sm\u0117liavimo kabina 90l"},"content":{"rendered":"<p>Komplekt\u0105 sudaro:\u00a0\u00a0\u00a0 sm\u0117liap\u016bt\u0117 90l\u00a0\u00a0\u00a0 permatomas dangtis su langu ir sandarinimu\u00a0\u00a0\u00a0 5 stiklo apsaugos\u00a0\u00a0\u00a0 12V\u00a0 lempa\u00a0 su elektros energijos tiekimu 220V\u00a0\u00a0\u00a0 \u017earna ir pistoletas su keramikiniais atngaliukais 4\/5\/6\/7 mm\u00a0\u00a0\u00a0 dvi didel\u0117s pir\u0161tin\u0117s\u00a0\u00a0\u00a0 Teflono plombavimo juosta\u00a0\u00a0\u00a0 Techniniai duomenys:\u00a0\u00a0\u00a0 plotis 580mm\u00a0\u00a0\u00a0 gylis 480mm\u00a0\u00a0\u00a0 galinis auk\u0161tis 350mm\u00a0\u00a0\u00a0 priekinis auk\u0161tis 295mm\u00a0\u00a0\u00a0 svoris 10kg\u00a0\u00a0\u00a0 oro srautas 150l\/min\u00a0\u00a0\u00a0 leid\u017eiamas sl\u0117gis: 7 barai (100 psi)\u00a0\u00a0\u00a0 darbinis sl\u0117gis: 5,5 bar (80 psi)\u00a0\u00a0\u00a0 kabina gali savyje \u012ftalpinti iki 4,5 kg sm\u0117lio\u00a0\u00a0\u00a0 Svoris:16,7kg<\/p>","protected":false},"excerpt":{"rendered":"<p>Sm\u0117liavimo kabina 90l<\/p>","protected":false},"featured_media":186366,"comment_status":"open","ping_status":"open","template":"","meta":[],"product_cat":[9896],"product_tag":[9810],"class_list":{"0":"post-401791","1":"product","2":"type-product","3":"status-publish","4":"has-post-thumbnail","6":"product_brand-geko-lenkija","7":"product_cat-smeliasroves-irankiai-smeliavimui-plovykles","8":"product_tag-geko-lenkija","10":"first","11":"outofstock","12":"purchasable","13":"product-type-simple"},"jetpack_sharing_enabled":true,"_links":{"self":[{"href":"https:\/\/irankiuzona.lt\/ru\/wp-json\/wp\/v2\/product\/401791","targetHints":{"allow":["GET"]}}],"collection":[{"href":"https:\/\/irankiuzona.lt\/ru\/wp-json\/wp\/v2\/product"}],"about":[{"href":"https:\/\/irankiuzona.lt\/ru\/wp-json\/wp\/v2\/types\/product"}],"replies":[{"embeddable":true,"href":"https:\/\/irankiuzona.lt\/ru\/wp-json\/wp\/v2\/comments?post=401791"}],"version-history":[{"count":1,"href":"https:\/\/irankiuzona.lt\/ru\/wp-json\/wp\/v2\/product\/401791\/revisions"}],"predecessor-version":[{"id":418605,"href":"https:\/\/irankiuzona.lt\/ru\/wp-json\/wp\/v2\/product\/401791\/revisions\/418605"}],"wp:featuredmedia":[{"embeddable":true,"href":"https:\/\/irankiuzona.lt\/ru\/wp-json\/wp\/v2\/media\/186366"}],"wp:attachment":[{"href":"https:\/\/irankiuzona.lt\/ru\/wp-json\/wp\/v2\/media?parent=401791"}],"wp:term":[{"taxonomy":"product_cat","embeddable":true,"href":"https:\/\/irankiuzona.lt\/ru\/wp-json\/wp\/v2\/product_cat?post=401791"},{"taxonomy":"product_tag","embeddable":true,"href":"https:\/\/irankiuzona.lt\/ru\/wp-json\/wp\/v2\/product_tag?post=401791"}],"curies":[{"name":"wp","href":"https:\/\/api.w.org\/{rel}","templated":true}]}}