{"id":401835,"date":"2025-05-12T16:05:05","date_gmt":"2025-05-12T16:05:05","guid":{"rendered":"https:\/\/irankiuzona.lt\/product\/purkstuvas-tinkavimui-su-metaliniu-bakeliu-2\/"},"modified":"2026-03-11T21:50:32","modified_gmt":"2026-03-11T21:50:32","slug":"purkstuvas-tinkavimui-su-metaliniu-bakeliu-2","status":"publish","type":"product","link":"https:\/\/irankiuzona.lt\/ru\/product\/purkstuvas-tinkavimui-su-metaliniu-bakeliu-2\/","title":{"rendered":"Purk\u0161tuvas tinkavimui su metaliniu bakeliu"},"content":{"rendered":"<p>Techniniai duomenysAntgalis: 4, 6, 8 mmDa\u017e\u0173 puodelio t\u016bris: 4500 mlReikalingas oro sl\u0117gis: 4,0 &#8211; 8,0 barVidutinis oro suvartojimas: 225 &#8211; 400 l\/min\u00a01\/4 &quot;Svoris:1,25kg<\/p>","protected":false},"excerpt":{"rendered":"<p>Purk\u0161tuvas tinkavimui su metaliniu bakeliu<\/p>","protected":false},"featured_media":251149,"comment_status":"open","ping_status":"open","template":"","meta":[],"product_cat":[9739],"product_tag":[9810],"class_list":{"0":"post-401835","1":"product","2":"type-product","3":"status-publish","4":"has-post-thumbnail","6":"product_brand-geko-lenkija","7":"product_cat-pistoletai-dazymui","8":"product_tag-geko-lenkija","10":"first","11":"outofstock","12":"purchasable","13":"product-type-simple"},"jetpack_sharing_enabled":true,"_links":{"self":[{"href":"https:\/\/irankiuzona.lt\/ru\/wp-json\/wp\/v2\/product\/401835","targetHints":{"allow":["GET"]}}],"collection":[{"href":"https:\/\/irankiuzona.lt\/ru\/wp-json\/wp\/v2\/product"}],"about":[{"href":"https:\/\/irankiuzona.lt\/ru\/wp-json\/wp\/v2\/types\/product"}],"replies":[{"embeddable":true,"href":"https:\/\/irankiuzona.lt\/ru\/wp-json\/wp\/v2\/comments?post=401835"}],"version-history":[{"count":1,"href":"https:\/\/irankiuzona.lt\/ru\/wp-json\/wp\/v2\/product\/401835\/revisions"}],"predecessor-version":[{"id":419034,"href":"https:\/\/irankiuzona.lt\/ru\/wp-json\/wp\/v2\/product\/401835\/revisions\/419034"}],"wp:featuredmedia":[{"embeddable":true,"href":"https:\/\/irankiuzona.lt\/ru\/wp-json\/wp\/v2\/media\/251149"}],"wp:attachment":[{"href":"https:\/\/irankiuzona.lt\/ru\/wp-json\/wp\/v2\/media?parent=401835"}],"wp:term":[{"taxonomy":"product_cat","embeddable":true,"href":"https:\/\/irankiuzona.lt\/ru\/wp-json\/wp\/v2\/product_cat?post=401835"},{"taxonomy":"product_tag","embeddable":true,"href":"https:\/\/irankiuzona.lt\/ru\/wp-json\/wp\/v2\/product_tag?post=401835"}],"curies":[{"name":"wp","href":"https:\/\/api.w.org\/{rel}","templated":true}]}}