{"id":401853,"date":"2025-05-12T16:10:07","date_gmt":"2025-05-12T16:10:07","guid":{"rendered":"https:\/\/irankiuzona.lt\/product\/gipso-kartono-pjaustykle-dvipuse-38mm-2\/"},"modified":"2026-04-15T17:44:26","modified_gmt":"2026-04-15T17:44:26","slug":"gipso-kartono-pjaustykle-dvipuse-38mm-2","status":"publish","type":"product","link":"https:\/\/irankiuzona.lt\/ru\/product\/gipso-kartono-pjaustykle-dvipuse-38mm-2\/","title":{"rendered":"Gipso kartono pjaustykl\u0117 dvipus\u0117 38mm"},"content":{"rendered":"<p>Produkto charakteristikos:dvipusis tikslus ir greitas pjovimas, naudojant dviej\u0173 apvali\u0173 peili\u0173 rinkin\u012f, kurio skersmuo 38 mmmaksimalus pjovimo plotis yra 150 mmpjaustytuvas pritaikytas 15 mm storio gipso kartono plok\u0161t\u0117mssklandus pjovimo plo\u010dio reguliavimasgalimyb\u0117 pakeisti pjovimo peili\u0173 pad\u0117t\u012f<\/p>","protected":false},"excerpt":{"rendered":"<p>Gipso kartono pjaustykl\u0117 dvipus\u0117 38mm<\/p>","protected":false},"featured_media":251877,"comment_status":"open","ping_status":"open","template":"","meta":[],"product_cat":[9762],"product_tag":[9810],"class_list":{"0":"post-401853","1":"product","2":"type-product","3":"status-publish","4":"has-post-thumbnail","6":"product_brand-geko-lenkija","7":"product_cat-pjuklai-gipso-kartonui","8":"product_tag-geko-lenkija","10":"first","11":"outofstock","12":"purchasable","13":"product-type-simple"},"jetpack_sharing_enabled":true,"_links":{"self":[{"href":"https:\/\/irankiuzona.lt\/ru\/wp-json\/wp\/v2\/product\/401853","targetHints":{"allow":["GET"]}}],"collection":[{"href":"https:\/\/irankiuzona.lt\/ru\/wp-json\/wp\/v2\/product"}],"about":[{"href":"https:\/\/irankiuzona.lt\/ru\/wp-json\/wp\/v2\/types\/product"}],"replies":[{"embeddable":true,"href":"https:\/\/irankiuzona.lt\/ru\/wp-json\/wp\/v2\/comments?post=401853"}],"version-history":[{"count":1,"href":"https:\/\/irankiuzona.lt\/ru\/wp-json\/wp\/v2\/product\/401853\/revisions"}],"predecessor-version":[{"id":419234,"href":"https:\/\/irankiuzona.lt\/ru\/wp-json\/wp\/v2\/product\/401853\/revisions\/419234"}],"wp:featuredmedia":[{"embeddable":true,"href":"https:\/\/irankiuzona.lt\/ru\/wp-json\/wp\/v2\/media\/251877"}],"wp:attachment":[{"href":"https:\/\/irankiuzona.lt\/ru\/wp-json\/wp\/v2\/media?parent=401853"}],"wp:term":[{"taxonomy":"product_cat","embeddable":true,"href":"https:\/\/irankiuzona.lt\/ru\/wp-json\/wp\/v2\/product_cat?post=401853"},{"taxonomy":"product_tag","embeddable":true,"href":"https:\/\/irankiuzona.lt\/ru\/wp-json\/wp\/v2\/product_tag?post=401853"}],"curies":[{"name":"wp","href":"https:\/\/api.w.org\/{rel}","templated":true}]}}