{"id":401859,"date":"2025-05-12T16:10:26","date_gmt":"2025-05-12T16:10:26","guid":{"rendered":"https:\/\/irankiuzona.lt\/product\/kniediklis-greztuvui-24-48-mm-2\/"},"modified":"2026-04-12T08:19:38","modified_gmt":"2026-04-12T08:19:38","slug":"kniediklis-greztuvui-24-48-mm-2","status":"publish","type":"product","link":"https:\/\/irankiuzona.lt\/ru\/product\/kniediklis-greztuvui-24-48-mm-2\/","title":{"rendered":"Kniediklis gr\u0119\u017etuvui \/ 2,4-4,8 mm"},"content":{"rendered":"<p>Produkto charakteristikos:Rinkinyje yra 4 kei\u010diami antgaliai knied\u0117ms 2,4 mm, 3,2 mm, 4,0 mm ir 4,8 mm. Produktas tinka aklinoms aliuminio knied\u0117ms<\/p>","protected":false},"excerpt":{"rendered":"<p>Kniediklis gr\u0119\u017etuvui \/ 2,4-4,8 mm<\/p>","protected":false},"featured_media":251910,"comment_status":"open","ping_status":"open","template":"","meta":[],"product_cat":[9982],"product_tag":[9810],"class_list":{"0":"post-401859","1":"product","2":"type-product","3":"status-publish","4":"has-post-thumbnail","6":"product_brand-geko-lenkija","7":"product_cat-kniedikliai-suktuvui-greztuvui","8":"product_tag-geko-lenkija","10":"first","11":"instock","12":"purchasable","13":"product-type-simple"},"jetpack_sharing_enabled":true,"_links":{"self":[{"href":"https:\/\/irankiuzona.lt\/ru\/wp-json\/wp\/v2\/product\/401859","targetHints":{"allow":["GET"]}}],"collection":[{"href":"https:\/\/irankiuzona.lt\/ru\/wp-json\/wp\/v2\/product"}],"about":[{"href":"https:\/\/irankiuzona.lt\/ru\/wp-json\/wp\/v2\/types\/product"}],"replies":[{"embeddable":true,"href":"https:\/\/irankiuzona.lt\/ru\/wp-json\/wp\/v2\/comments?post=401859"}],"version-history":[{"count":1,"href":"https:\/\/irankiuzona.lt\/ru\/wp-json\/wp\/v2\/product\/401859\/revisions"}],"predecessor-version":[{"id":419243,"href":"https:\/\/irankiuzona.lt\/ru\/wp-json\/wp\/v2\/product\/401859\/revisions\/419243"}],"wp:featuredmedia":[{"embeddable":true,"href":"https:\/\/irankiuzona.lt\/ru\/wp-json\/wp\/v2\/media\/251910"}],"wp:attachment":[{"href":"https:\/\/irankiuzona.lt\/ru\/wp-json\/wp\/v2\/media?parent=401859"}],"wp:term":[{"taxonomy":"product_cat","embeddable":true,"href":"https:\/\/irankiuzona.lt\/ru\/wp-json\/wp\/v2\/product_cat?post=401859"},{"taxonomy":"product_tag","embeddable":true,"href":"https:\/\/irankiuzona.lt\/ru\/wp-json\/wp\/v2\/product_tag?post=401859"}],"curies":[{"name":"wp","href":"https:\/\/api.w.org\/{rel}","templated":true}]}}