{"id":401897,"date":"2025-05-12T16:20:06","date_gmt":"2025-05-12T16:20:06","guid":{"rendered":"https:\/\/irankiuzona.lt\/product\/gipso-kartono-pjaustykle-20-600mm-2\/"},"modified":"2026-04-15T16:43:52","modified_gmt":"2026-04-15T16:43:52","slug":"gipso-kartono-pjaustykle-20-600mm-2","status":"publish","type":"product","link":"https:\/\/irankiuzona.lt\/ru\/product\/gipso-kartono-pjaustykle-20-600mm-2\/","title":{"rendered":"Gipso kartono pjaustykl\u0117 20-600mm"},"content":{"rendered":"<p>Prek\u0117s savyb\u0117s2 trapecijos formos pjovimo peiliai, plotis 18 mmmaksimalus pjovimo plotis iki 600 mmcentimetr\u0173 skal\u0117 ant kreipiklio leid\u017eia tiksliai nustatyti pjovimo plot\u012f<\/p>","protected":false},"excerpt":{"rendered":"<p>Gipso kartono pjaustykl\u0117 20-600mm<\/p>","protected":false},"featured_media":253158,"comment_status":"open","ping_status":"open","template":"","meta":[],"product_cat":[9762],"product_tag":[9810],"class_list":{"0":"post-401897","1":"product","2":"type-product","3":"status-publish","4":"has-post-thumbnail","6":"product_brand-geko-lenkija","7":"product_cat-pjuklai-gipso-kartonui","8":"product_tag-geko-lenkija","10":"first","11":"outofstock","12":"purchasable","13":"product-type-simple"},"jetpack_sharing_enabled":true,"_links":{"self":[{"href":"https:\/\/irankiuzona.lt\/ru\/wp-json\/wp\/v2\/product\/401897","targetHints":{"allow":["GET"]}}],"collection":[{"href":"https:\/\/irankiuzona.lt\/ru\/wp-json\/wp\/v2\/product"}],"about":[{"href":"https:\/\/irankiuzona.lt\/ru\/wp-json\/wp\/v2\/types\/product"}],"replies":[{"embeddable":true,"href":"https:\/\/irankiuzona.lt\/ru\/wp-json\/wp\/v2\/comments?post=401897"}],"version-history":[{"count":1,"href":"https:\/\/irankiuzona.lt\/ru\/wp-json\/wp\/v2\/product\/401897\/revisions"}],"predecessor-version":[{"id":419624,"href":"https:\/\/irankiuzona.lt\/ru\/wp-json\/wp\/v2\/product\/401897\/revisions\/419624"}],"wp:featuredmedia":[{"embeddable":true,"href":"https:\/\/irankiuzona.lt\/ru\/wp-json\/wp\/v2\/media\/253158"}],"wp:attachment":[{"href":"https:\/\/irankiuzona.lt\/ru\/wp-json\/wp\/v2\/media?parent=401897"}],"wp:term":[{"taxonomy":"product_cat","embeddable":true,"href":"https:\/\/irankiuzona.lt\/ru\/wp-json\/wp\/v2\/product_cat?post=401897"},{"taxonomy":"product_tag","embeddable":true,"href":"https:\/\/irankiuzona.lt\/ru\/wp-json\/wp\/v2\/product_tag?post=401897"}],"curies":[{"name":"wp","href":"https:\/\/api.w.org\/{rel}","templated":true}]}}