{"id":401931,"date":"2025-05-12T16:28:39","date_gmt":"2025-05-12T16:28:39","guid":{"rendered":"https:\/\/irankiuzona.lt\/product\/smeliasrove-keiciamais-antgaliais-smelis-2000g-2\/"},"modified":"2026-04-16T13:20:26","modified_gmt":"2026-04-16T13:20:26","slug":"smeliasrove-keiciamais-antgaliais-smelis-2000g-2","status":"publish","type":"product","link":"https:\/\/irankiuzona.lt\/ru\/product\/smeliasrove-keiciamais-antgaliais-smelis-2000g-2\/","title":{"rendered":"Sm\u0117liasrov\u0117 kei\u010diamais antgaliais + sm\u0117lis 2000g"},"content":{"rendered":"<p>Air consumption 200 l \/ min.50-70 PSI pressure (4 kg \/ cm2)pneumatic connection &#8211; 1\/4 &quot;quick connectorrecommended diameter pressure hose 10mm<br \/>\nGun with lower tank 1Lfour rubber heads of different shaped tipbag material to the recycled material (about 2 kg of abrasive material)<\/p>","protected":false},"excerpt":{"rendered":"<p>Sm\u0117liasrov\u0117 kei\u010diamais antgaliais + sm\u0117lis 2000g<\/p>","protected":false},"featured_media":254362,"comment_status":"open","ping_status":"open","template":"","meta":[],"product_cat":[9896],"product_tag":[9810],"class_list":{"0":"post-401931","1":"product","2":"type-product","3":"status-publish","4":"has-post-thumbnail","6":"product_brand-geko-lenkija","7":"product_cat-smeliasroves-irankiai-smeliavimui-plovykles","8":"product_tag-geko-lenkija","10":"first","11":"instock","12":"purchasable","13":"product-type-simple"},"jetpack_sharing_enabled":true,"_links":{"self":[{"href":"https:\/\/irankiuzona.lt\/ru\/wp-json\/wp\/v2\/product\/401931","targetHints":{"allow":["GET"]}}],"collection":[{"href":"https:\/\/irankiuzona.lt\/ru\/wp-json\/wp\/v2\/product"}],"about":[{"href":"https:\/\/irankiuzona.lt\/ru\/wp-json\/wp\/v2\/types\/product"}],"replies":[{"embeddable":true,"href":"https:\/\/irankiuzona.lt\/ru\/wp-json\/wp\/v2\/comments?post=401931"}],"version-history":[{"count":1,"href":"https:\/\/irankiuzona.lt\/ru\/wp-json\/wp\/v2\/product\/401931\/revisions"}],"predecessor-version":[{"id":419993,"href":"https:\/\/irankiuzona.lt\/ru\/wp-json\/wp\/v2\/product\/401931\/revisions\/419993"}],"wp:featuredmedia":[{"embeddable":true,"href":"https:\/\/irankiuzona.lt\/ru\/wp-json\/wp\/v2\/media\/254362"}],"wp:attachment":[{"href":"https:\/\/irankiuzona.lt\/ru\/wp-json\/wp\/v2\/media?parent=401931"}],"wp:term":[{"taxonomy":"product_cat","embeddable":true,"href":"https:\/\/irankiuzona.lt\/ru\/wp-json\/wp\/v2\/product_cat?post=401931"},{"taxonomy":"product_tag","embeddable":true,"href":"https:\/\/irankiuzona.lt\/ru\/wp-json\/wp\/v2\/product_tag?post=401931"}],"curies":[{"name":"wp","href":"https:\/\/api.w.org\/{rel}","templated":true}]}}