{"id":401933,"date":"2025-05-12T16:28:40","date_gmt":"2025-05-12T16:28:40","guid":{"rendered":"https:\/\/irankiuzona.lt\/product\/hidraulinis-presas-50tonu-su-monometru-dvieju-greiciu-2\/"},"modified":"2026-04-16T14:29:58","modified_gmt":"2026-04-16T14:29:58","slug":"hidraulinis-presas-50tonu-su-monometru-dvieju-greiciu-2","status":"publish","type":"product","link":"https:\/\/irankiuzona.lt\/ru\/product\/hidraulinis-presas-50tonu-su-monometru-dvieju-greiciu-2\/","title":{"rendered":"HIDRAULINIS PRESAS 50TON\u0172 SU MONOMETRU \/ DVIEJ\u0172 GREI\u010cI\u0172"},"content":{"rendered":"<p>50 ton\u0173 hidraulinis-pneumatinis presas su manometru. Naudingas remontui, aptarnavimo dirbtuv\u0117ms ar pramon\u0117s \u012fmon\u0117ms, taip pat \u017eem\u0117s \u016bkyje. Vis\u0105 konstrukcij\u0105 palaikantis r\u0117mas buvo papildomai sustiprintas, o tai u\u017etikrina atsparum\u0105 mechaniniam apkrovimui<br \/>\nTechniniai duomenysTipas: HidraulinisGalia 50 ton\u0173Cilindro eiga: 235mmDarbin\u0117 zona: 0-950 mm.Svoris: 205kg.I\u0161matavimai: 865 x 1650 mm.A 1650 mm \/ B 325 mm \/ C 0 &#8211; 950 mm \/ D 150 mm \/ E 650 mm \/ F 865 mmG 1650 mm \/ H 180 mm \/ I 855 mm \/ J 70mm \/ K 180 mm \/ L 850 mm<\/p>","protected":false},"excerpt":{"rendered":"<p>HIDRAULINIS &#8211; PNEUMATINIS PRESAS 50TON\u0172 SU MONOMETRU \/ DVIEJ\u0172 GREI\u010cI\u0172<\/p>","protected":false},"featured_media":254365,"comment_status":"open","ping_status":"open","template":"","meta":[],"product_cat":[9946],"product_tag":[9810],"class_list":{"0":"post-401933","1":"product","2":"type-product","3":"status-publish","4":"has-post-thumbnail","6":"product_brand-geko-lenkija","7":"product_cat-hidrauliniai-presai","8":"product_tag-geko-lenkija","10":"first","11":"instock","12":"purchasable","13":"product-type-simple"},"jetpack_sharing_enabled":true,"_links":{"self":[{"href":"https:\/\/irankiuzona.lt\/ru\/wp-json\/wp\/v2\/product\/401933","targetHints":{"allow":["GET"]}}],"collection":[{"href":"https:\/\/irankiuzona.lt\/ru\/wp-json\/wp\/v2\/product"}],"about":[{"href":"https:\/\/irankiuzona.lt\/ru\/wp-json\/wp\/v2\/types\/product"}],"replies":[{"embeddable":true,"href":"https:\/\/irankiuzona.lt\/ru\/wp-json\/wp\/v2\/comments?post=401933"}],"version-history":[{"count":1,"href":"https:\/\/irankiuzona.lt\/ru\/wp-json\/wp\/v2\/product\/401933\/revisions"}],"predecessor-version":[{"id":419994,"href":"https:\/\/irankiuzona.lt\/ru\/wp-json\/wp\/v2\/product\/401933\/revisions\/419994"}],"wp:featuredmedia":[{"embeddable":true,"href":"https:\/\/irankiuzona.lt\/ru\/wp-json\/wp\/v2\/media\/254365"}],"wp:attachment":[{"href":"https:\/\/irankiuzona.lt\/ru\/wp-json\/wp\/v2\/media?parent=401933"}],"wp:term":[{"taxonomy":"product_cat","embeddable":true,"href":"https:\/\/irankiuzona.lt\/ru\/wp-json\/wp\/v2\/product_cat?post=401933"},{"taxonomy":"product_tag","embeddable":true,"href":"https:\/\/irankiuzona.lt\/ru\/wp-json\/wp\/v2\/product_tag?post=401933"}],"curies":[{"name":"wp","href":"https:\/\/api.w.org\/{rel}","templated":true}]}}