{"id":401945,"date":"2025-05-12T16:28:58","date_gmt":"2025-05-12T16:28:58","guid":{"rendered":"https:\/\/irankiuzona.lt\/product\/reples-savarzoms-230mm-2\/"},"modified":"2026-04-20T19:12:14","modified_gmt":"2026-04-20T19:12:14","slug":"reples-savarzoms-230mm-2","status":"publish","type":"product","link":"https:\/\/irankiuzona.lt\/ru\/product\/reples-savarzoms-230mm-2\/","title":{"rendered":"Repl\u0117s s\u0105var\u017eoms 230mm"},"content":{"rendered":"<p>Product DescriptionCross Type Hose Clamp Pliers suitable for easy removal and installation of ring type hose clamp.<br \/>\nProduct FeaturesCross swivel jaws for positive holding of large or small clamps at any anglePliers can be locked to keep your hands free thanks to ratchet locking mechanismPVC coated handles for improved grip and comfort<\/p>","protected":false},"excerpt":{"rendered":"<p>Repl\u0117s s\u0105var\u017eoms 230mm<\/p>","protected":false},"featured_media":254395,"comment_status":"open","ping_status":"open","template":"","meta":[],"product_cat":[9563],"product_tag":[9810],"class_list":{"0":"post-401945","1":"product","2":"type-product","3":"status-publish","4":"has-post-thumbnail","6":"product_brand-geko-lenkija","7":"product_cat-irankiai-ausinimo-sistemai","8":"product_tag-geko-lenkija","10":"first","11":"instock","12":"purchasable","13":"product-type-simple"},"jetpack_sharing_enabled":true,"_links":{"self":[{"href":"https:\/\/irankiuzona.lt\/ru\/wp-json\/wp\/v2\/product\/401945","targetHints":{"allow":["GET"]}}],"collection":[{"href":"https:\/\/irankiuzona.lt\/ru\/wp-json\/wp\/v2\/product"}],"about":[{"href":"https:\/\/irankiuzona.lt\/ru\/wp-json\/wp\/v2\/types\/product"}],"replies":[{"embeddable":true,"href":"https:\/\/irankiuzona.lt\/ru\/wp-json\/wp\/v2\/comments?post=401945"}],"version-history":[{"count":1,"href":"https:\/\/irankiuzona.lt\/ru\/wp-json\/wp\/v2\/product\/401945\/revisions"}],"predecessor-version":[{"id":420004,"href":"https:\/\/irankiuzona.lt\/ru\/wp-json\/wp\/v2\/product\/401945\/revisions\/420004"}],"wp:featuredmedia":[{"embeddable":true,"href":"https:\/\/irankiuzona.lt\/ru\/wp-json\/wp\/v2\/media\/254395"}],"wp:attachment":[{"href":"https:\/\/irankiuzona.lt\/ru\/wp-json\/wp\/v2\/media?parent=401945"}],"wp:term":[{"taxonomy":"product_cat","embeddable":true,"href":"https:\/\/irankiuzona.lt\/ru\/wp-json\/wp\/v2\/product_cat?post=401945"},{"taxonomy":"product_tag","embeddable":true,"href":"https:\/\/irankiuzona.lt\/ru\/wp-json\/wp\/v2\/product_tag?post=401945"}],"curies":[{"name":"wp","href":"https:\/\/api.w.org\/{rel}","templated":true}]}}