{"id":401989,"date":"2025-05-12T16:37:53","date_gmt":"2025-05-12T16:37:53","guid":{"rendered":"https:\/\/irankiuzona.lt\/product\/kniediklis-srieginems-kniedems-m3-m10-3\/"},"modified":"2026-05-09T13:29:30","modified_gmt":"2026-05-09T13:29:30","slug":"kniediklis-srieginems-kniedems-m3-m10-3","status":"publish","type":"product","link":"https:\/\/irankiuzona.lt\/ru\/product\/kniediklis-srieginems-kniedems-m3-m10-3\/","title":{"rendered":"Kniediklis sriegin\u0117ms knied\u0117ms (M3-M10)"},"content":{"rendered":"<p>Tinka sriegin\u0117ms knied\u0117ms &#8211; M3 , M4, M5, M6 , M8 , M10<\/p>","protected":false},"excerpt":{"rendered":"<p>Kniediklis sriegin\u0117ms knied\u0117ms (M3-M10)<\/p>","protected":false},"featured_media":255696,"comment_status":"open","ping_status":"open","template":"","meta":[],"product_cat":[9954],"product_tag":[9810],"class_list":{"0":"post-401989","1":"product","2":"type-product","3":"status-publish","4":"has-post-thumbnail","6":"product_brand-geko-lenkija","7":"product_cat-kniedikliai-srieginems-kniedems","8":"product_tag-geko-lenkija","10":"first","11":"instock","12":"purchasable","13":"product-type-simple"},"jetpack_sharing_enabled":true,"_links":{"self":[{"href":"https:\/\/irankiuzona.lt\/ru\/wp-json\/wp\/v2\/product\/401989","targetHints":{"allow":["GET"]}}],"collection":[{"href":"https:\/\/irankiuzona.lt\/ru\/wp-json\/wp\/v2\/product"}],"about":[{"href":"https:\/\/irankiuzona.lt\/ru\/wp-json\/wp\/v2\/types\/product"}],"replies":[{"embeddable":true,"href":"https:\/\/irankiuzona.lt\/ru\/wp-json\/wp\/v2\/comments?post=401989"}],"version-history":[{"count":1,"href":"https:\/\/irankiuzona.lt\/ru\/wp-json\/wp\/v2\/product\/401989\/revisions"}],"predecessor-version":[{"id":420421,"href":"https:\/\/irankiuzona.lt\/ru\/wp-json\/wp\/v2\/product\/401989\/revisions\/420421"}],"wp:featuredmedia":[{"embeddable":true,"href":"https:\/\/irankiuzona.lt\/ru\/wp-json\/wp\/v2\/media\/255696"}],"wp:attachment":[{"href":"https:\/\/irankiuzona.lt\/ru\/wp-json\/wp\/v2\/media?parent=401989"}],"wp:term":[{"taxonomy":"product_cat","embeddable":true,"href":"https:\/\/irankiuzona.lt\/ru\/wp-json\/wp\/v2\/product_cat?post=401989"},{"taxonomy":"product_tag","embeddable":true,"href":"https:\/\/irankiuzona.lt\/ru\/wp-json\/wp\/v2\/product_tag?post=401989"}],"curies":[{"name":"wp","href":"https:\/\/api.w.org\/{rel}","templated":true}]}}