{"id":402027,"date":"2025-05-12T16:44:26","date_gmt":"2025-05-12T16:44:26","guid":{"rendered":"https:\/\/irankiuzona.lt\/product\/slankmatis-skaitmeninis-300mm-2\/"},"modified":"2026-05-14T19:43:14","modified_gmt":"2026-05-14T19:43:14","slug":"slankmatis-skaitmeninis-300mm-2","status":"publish","type":"product","link":"https:\/\/irankiuzona.lt\/ru\/product\/slankmatis-skaitmeninis-300mm-2\/","title":{"rendered":"Slankmatis skaitmeninis 300mm"},"content":{"rendered":"<p>Techniniai duomenysMed\u017eiaga: ner\u016bdijantis plienasPavir\u0161iaus apdaila: satinasSavyb\u0117s: rai\u017eytas fiksavimo var\u017etas, skaidrus didelis LCD ekranas, laikiklisDiapazonas: 300 mmRezoliucija: 0,01 mmVisas ilgis: 394 mmBaterija: LR44 1,5V 180 mAh<\/p>","protected":false},"excerpt":{"rendered":"<p>Slankmatis skaitmeninis 300mm<\/p>","protected":false},"featured_media":256654,"comment_status":"open","ping_status":"open","template":"","meta":[],"product_cat":[9471],"product_tag":[9810],"class_list":{"0":"post-402027","1":"product","2":"type-product","3":"status-publish","4":"has-post-thumbnail","6":"product_brand-geko-lenkija","7":"product_cat-slankmaciai","8":"product_tag-geko-lenkija","10":"first","11":"instock","12":"purchasable","13":"product-type-simple"},"jetpack_sharing_enabled":true,"_links":{"self":[{"href":"https:\/\/irankiuzona.lt\/ru\/wp-json\/wp\/v2\/product\/402027","targetHints":{"allow":["GET"]}}],"collection":[{"href":"https:\/\/irankiuzona.lt\/ru\/wp-json\/wp\/v2\/product"}],"about":[{"href":"https:\/\/irankiuzona.lt\/ru\/wp-json\/wp\/v2\/types\/product"}],"replies":[{"embeddable":true,"href":"https:\/\/irankiuzona.lt\/ru\/wp-json\/wp\/v2\/comments?post=402027"}],"version-history":[{"count":1,"href":"https:\/\/irankiuzona.lt\/ru\/wp-json\/wp\/v2\/product\/402027\/revisions"}],"predecessor-version":[{"id":420734,"href":"https:\/\/irankiuzona.lt\/ru\/wp-json\/wp\/v2\/product\/402027\/revisions\/420734"}],"wp:featuredmedia":[{"embeddable":true,"href":"https:\/\/irankiuzona.lt\/ru\/wp-json\/wp\/v2\/media\/256654"}],"wp:attachment":[{"href":"https:\/\/irankiuzona.lt\/ru\/wp-json\/wp\/v2\/media?parent=402027"}],"wp:term":[{"taxonomy":"product_cat","embeddable":true,"href":"https:\/\/irankiuzona.lt\/ru\/wp-json\/wp\/v2\/product_cat?post=402027"},{"taxonomy":"product_tag","embeddable":true,"href":"https:\/\/irankiuzona.lt\/ru\/wp-json\/wp\/v2\/product_tag?post=402027"}],"curies":[{"name":"wp","href":"https:\/\/api.w.org\/{rel}","templated":true}]}}