{"id":402037,"date":"2025-05-12T16:49:18","date_gmt":"2025-05-12T16:49:18","guid":{"rendered":"https:\/\/irankiuzona.lt\/product\/keltuvas-gipso-kartono-plokstems-2\/"},"modified":"2026-04-12T18:46:08","modified_gmt":"2026-04-12T18:46:08","slug":"keltuvas-gipso-kartono-plokstems-2","status":"publish","type":"product","link":"https:\/\/irankiuzona.lt\/ru\/product\/keltuvas-gipso-kartono-plokstems-2\/","title":{"rendered":"Keltuvas gipso kartono plok\u0161t\u0117ms"},"content":{"rendered":"<p>K\u0117limo auk\u0161tis: nuo 1,40 iki 3,50 mDarbinis plotis: pailginamas iki 2,90 mKeliamoji galia: 68 kgLengvas skydelio pakrovimasSulankstomi kabliukai ant skydo atramosDidelis 18&quot; 360 laipsni\u0173 kampu besisukantis lop\u0161ys4 coli\u0173 ried\u0117jimo ratukai su stabd\u017eiu palengvina mobilum\u0105 ir u\u017etikrina papildom\u0105 saugum\u0105Svoris 38kg<\/p>","protected":false},"excerpt":{"rendered":"<p>Keltuvas gipso kartono plok\u0161t\u0117ms<\/p>","protected":false},"featured_media":257328,"comment_status":"open","ping_status":"open","template":"","meta":[],"product_cat":[10121],"product_tag":[9810],"class_list":{"0":"post-402037","1":"product","2":"type-product","3":"status-publish","4":"has-post-thumbnail","6":"product_brand-geko-lenkija","7":"product_cat-gipso-ploksciu-keltuvai","8":"product_tag-geko-lenkija","10":"first","11":"outofstock","12":"purchasable","13":"product-type-simple"},"jetpack_sharing_enabled":true,"_links":{"self":[{"href":"https:\/\/irankiuzona.lt\/ru\/wp-json\/wp\/v2\/product\/402037","targetHints":{"allow":["GET"]}}],"collection":[{"href":"https:\/\/irankiuzona.lt\/ru\/wp-json\/wp\/v2\/product"}],"about":[{"href":"https:\/\/irankiuzona.lt\/ru\/wp-json\/wp\/v2\/types\/product"}],"replies":[{"embeddable":true,"href":"https:\/\/irankiuzona.lt\/ru\/wp-json\/wp\/v2\/comments?post=402037"}],"version-history":[{"count":1,"href":"https:\/\/irankiuzona.lt\/ru\/wp-json\/wp\/v2\/product\/402037\/revisions"}],"predecessor-version":[{"id":420935,"href":"https:\/\/irankiuzona.lt\/ru\/wp-json\/wp\/v2\/product\/402037\/revisions\/420935"}],"wp:featuredmedia":[{"embeddable":true,"href":"https:\/\/irankiuzona.lt\/ru\/wp-json\/wp\/v2\/media\/257328"}],"wp:attachment":[{"href":"https:\/\/irankiuzona.lt\/ru\/wp-json\/wp\/v2\/media?parent=402037"}],"wp:term":[{"taxonomy":"product_cat","embeddable":true,"href":"https:\/\/irankiuzona.lt\/ru\/wp-json\/wp\/v2\/product_cat?post=402037"},{"taxonomy":"product_tag","embeddable":true,"href":"https:\/\/irankiuzona.lt\/ru\/wp-json\/wp\/v2\/product_tag?post=402037"}],"curies":[{"name":"wp","href":"https:\/\/api.w.org\/{rel}","templated":true}]}}