{"id":402039,"date":"2025-05-12T16:49:23","date_gmt":"2025-05-12T16:49:23","guid":{"rendered":"https:\/\/irankiuzona.lt\/product\/darbo-kojokai-61-101cm-aliuminiai-2\/"},"modified":"2026-04-14T13:19:56","modified_gmt":"2026-04-14T13:19:56","slug":"darbo-kojokai-61-101cm-aliuminiai-2","status":"publish","type":"product","link":"https:\/\/irankiuzona.lt\/ru\/product\/darbo-kojokai-61-101cm-aliuminiai-2\/","title":{"rendered":"Darbo kojokai 61-101cm \/ aliuminiai"},"content":{"rendered":"<p>Auk\u0161tis reguliuojamas nuo 61 iki 101 cmLengva, bet patvari aliuminio konstrukcijaDvigubas spyruoklinis veikimas suteikia daugiau lankstumoApsaugin\u0117s sagtys ir dir\u017eeliaiU\u017erakinimo ver\u017el\u0117s, sumontuotos visuose svarbiausiuose pos\u016bkiuose ir sujungimo ta\u0161kuose, u\u017etikrina didesn\u012f patikimum\u0105<\/p>","protected":false},"excerpt":{"rendered":"<p>Aliuminiai darbo kojukai statyboms, reguliuojamo auk\u0161\u010dio 61cm &#8211; 101cm<\/p>","protected":false},"featured_media":257334,"comment_status":"open","ping_status":"open","template":"","meta":[],"product_cat":[10088],"product_tag":[9810],"class_list":{"0":"post-402039","1":"product","2":"type-product","3":"status-publish","4":"has-post-thumbnail","6":"product_brand-geko-lenkija","7":"product_cat-reguliuojamos-atramos-kojokai","8":"product_tag-geko-lenkija","10":"first","11":"outofstock","12":"purchasable","13":"product-type-simple"},"jetpack_sharing_enabled":true,"_links":{"self":[{"href":"https:\/\/irankiuzona.lt\/ru\/wp-json\/wp\/v2\/product\/402039","targetHints":{"allow":["GET"]}}],"collection":[{"href":"https:\/\/irankiuzona.lt\/ru\/wp-json\/wp\/v2\/product"}],"about":[{"href":"https:\/\/irankiuzona.lt\/ru\/wp-json\/wp\/v2\/types\/product"}],"replies":[{"embeddable":true,"href":"https:\/\/irankiuzona.lt\/ru\/wp-json\/wp\/v2\/comments?post=402039"}],"version-history":[{"count":1,"href":"https:\/\/irankiuzona.lt\/ru\/wp-json\/wp\/v2\/product\/402039\/revisions"}],"predecessor-version":[{"id":420937,"href":"https:\/\/irankiuzona.lt\/ru\/wp-json\/wp\/v2\/product\/402039\/revisions\/420937"}],"wp:featuredmedia":[{"embeddable":true,"href":"https:\/\/irankiuzona.lt\/ru\/wp-json\/wp\/v2\/media\/257334"}],"wp:attachment":[{"href":"https:\/\/irankiuzona.lt\/ru\/wp-json\/wp\/v2\/media?parent=402039"}],"wp:term":[{"taxonomy":"product_cat","embeddable":true,"href":"https:\/\/irankiuzona.lt\/ru\/wp-json\/wp\/v2\/product_cat?post=402039"},{"taxonomy":"product_tag","embeddable":true,"href":"https:\/\/irankiuzona.lt\/ru\/wp-json\/wp\/v2\/product_tag?post=402039"}],"curies":[{"name":"wp","href":"https:\/\/api.w.org\/{rel}","templated":true}]}}