{"id":402041,"date":"2025-05-12T16:49:26","date_gmt":"2025-05-12T16:49:26","guid":{"rendered":"https:\/\/irankiuzona.lt\/product\/smeliasrove-smeliapute-38l-4\/"},"modified":"2026-04-13T11:59:37","modified_gmt":"2026-04-13T11:59:37","slug":"smeliasrove-smeliapute-38l-4","status":"publish","type":"product","link":"https:\/\/irankiuzona.lt\/ru\/product\/smeliasrove-smeliapute-38l-4\/","title":{"rendered":"Sm\u0117liasrov\u0117\/sm\u0117liap\u016bt\u0117 38L"},"content":{"rendered":"<p>Techniniai duomenysBako talpa: 38 litraiRekomenduojamas oro srautas: 180 L\/min esant 5 baramsDarbinis sl\u0117gis: 60-125 PSIOro poreikis: 170-700 L\/min\u017darnos ilgis: 2,5 m4 keraminiai purk\u0161tuk\u0173 antgaliai: 2,3, 2,7, 3,0, 3,5 mm<br \/>\nPakuot\u0117s turinys:1x Sm\u0117lio p\u016btimo bakas1x dr\u0117gm\u0117s filtras1x u\u017edarymo vo\u017etuvas1x sl\u0117gio matuoklis1x pildymo piltuvas4x Keraminis antgalis2x 5,5&quot; guminiai ratai1x 2,5m \u017earna1x drob\u0117s p\u016btimo gaubtas1x teflonin\u0117 juosta<\/p>","protected":false},"excerpt":{"rendered":"<p>Sm\u0117liasrov\u0117\/sm\u0117liap\u016bt\u0117 38L<\/p>","protected":false},"featured_media":257340,"comment_status":"open","ping_status":"open","template":"","meta":[],"product_cat":[9896],"product_tag":[9810],"class_list":{"0":"post-402041","1":"product","2":"type-product","3":"status-publish","4":"has-post-thumbnail","6":"product_brand-geko-lenkija","7":"product_cat-smeliasroves-irankiai-smeliavimui-plovykles","8":"product_tag-geko-lenkija","10":"first","11":"outofstock","12":"purchasable","13":"product-type-simple"},"jetpack_sharing_enabled":true,"_links":{"self":[{"href":"https:\/\/irankiuzona.lt\/ru\/wp-json\/wp\/v2\/product\/402041","targetHints":{"allow":["GET"]}}],"collection":[{"href":"https:\/\/irankiuzona.lt\/ru\/wp-json\/wp\/v2\/product"}],"about":[{"href":"https:\/\/irankiuzona.lt\/ru\/wp-json\/wp\/v2\/types\/product"}],"replies":[{"embeddable":true,"href":"https:\/\/irankiuzona.lt\/ru\/wp-json\/wp\/v2\/comments?post=402041"}],"version-history":[{"count":1,"href":"https:\/\/irankiuzona.lt\/ru\/wp-json\/wp\/v2\/product\/402041\/revisions"}],"predecessor-version":[{"id":420939,"href":"https:\/\/irankiuzona.lt\/ru\/wp-json\/wp\/v2\/product\/402041\/revisions\/420939"}],"wp:featuredmedia":[{"embeddable":true,"href":"https:\/\/irankiuzona.lt\/ru\/wp-json\/wp\/v2\/media\/257340"}],"wp:attachment":[{"href":"https:\/\/irankiuzona.lt\/ru\/wp-json\/wp\/v2\/media?parent=402041"}],"wp:term":[{"taxonomy":"product_cat","embeddable":true,"href":"https:\/\/irankiuzona.lt\/ru\/wp-json\/wp\/v2\/product_cat?post=402041"},{"taxonomy":"product_tag","embeddable":true,"href":"https:\/\/irankiuzona.lt\/ru\/wp-json\/wp\/v2\/product_tag?post=402041"}],"curies":[{"name":"wp","href":"https:\/\/api.w.org\/{rel}","templated":true}]}}