{"id":402043,"date":"2025-05-12T16:49:28","date_gmt":"2025-05-12T16:49:28","guid":{"rendered":"https:\/\/irankiuzona.lt\/product\/smeliasrove-smeliapute-19l-3\/"},"modified":"2026-04-13T09:44:20","modified_gmt":"2026-04-13T09:44:20","slug":"smeliasrove-smeliapute-19l-3","status":"publish","type":"product","link":"https:\/\/irankiuzona.lt\/ru\/product\/smeliasrove-smeliapute-19l-3\/","title":{"rendered":"Sm\u0117liasrov\u0117\/sm\u0117liap\u016bt\u0117 19l"},"content":{"rendered":"<p>Bako talpa: 19 litr\u0173Rekomenduojamas oro srautas: 180 L\/min esant 5 baramsDarbinis sl\u0117gis: 60-125 PSIOro sl\u0117gis: 170-700 L\/min\u017darnos ilgis: 2,5 m4 Keraminiai antgaliai: 2, 2,5, 3,0, 3,5 mmFiksuota koja u\u017etikrina stabilum\u0105<\/p>","protected":false},"excerpt":{"rendered":"<p>Sm\u0117liasrov\u0117\/sm\u0117liap\u016bt\u0117 19l<\/p>","protected":false},"featured_media":257343,"comment_status":"open","ping_status":"open","template":"","meta":[],"product_cat":[9896],"product_tag":[9810],"class_list":{"0":"post-402043","1":"product","2":"type-product","3":"status-publish","4":"has-post-thumbnail","6":"product_brand-geko-lenkija","7":"product_cat-smeliasroves-irankiai-smeliavimui-plovykles","8":"product_tag-geko-lenkija","10":"first","11":"outofstock","12":"purchasable","13":"product-type-simple"},"jetpack_sharing_enabled":true,"_links":{"self":[{"href":"https:\/\/irankiuzona.lt\/ru\/wp-json\/wp\/v2\/product\/402043","targetHints":{"allow":["GET"]}}],"collection":[{"href":"https:\/\/irankiuzona.lt\/ru\/wp-json\/wp\/v2\/product"}],"about":[{"href":"https:\/\/irankiuzona.lt\/ru\/wp-json\/wp\/v2\/types\/product"}],"replies":[{"embeddable":true,"href":"https:\/\/irankiuzona.lt\/ru\/wp-json\/wp\/v2\/comments?post=402043"}],"version-history":[{"count":1,"href":"https:\/\/irankiuzona.lt\/ru\/wp-json\/wp\/v2\/product\/402043\/revisions"}],"predecessor-version":[{"id":420940,"href":"https:\/\/irankiuzona.lt\/ru\/wp-json\/wp\/v2\/product\/402043\/revisions\/420940"}],"wp:featuredmedia":[{"embeddable":true,"href":"https:\/\/irankiuzona.lt\/ru\/wp-json\/wp\/v2\/media\/257343"}],"wp:attachment":[{"href":"https:\/\/irankiuzona.lt\/ru\/wp-json\/wp\/v2\/media?parent=402043"}],"wp:term":[{"taxonomy":"product_cat","embeddable":true,"href":"https:\/\/irankiuzona.lt\/ru\/wp-json\/wp\/v2\/product_cat?post=402043"},{"taxonomy":"product_tag","embeddable":true,"href":"https:\/\/irankiuzona.lt\/ru\/wp-json\/wp\/v2\/product_tag?post=402043"}],"curies":[{"name":"wp","href":"https:\/\/api.w.org\/{rel}","templated":true}]}}