{"id":402049,"date":"2025-05-12T16:50:02","date_gmt":"2025-05-12T16:50:02","guid":{"rendered":"https:\/\/irankiuzona.lt\/product\/padangu-priputimo-pistoletas-0-16bar-2\/"},"modified":"2026-04-11T04:09:30","modified_gmt":"2026-04-11T04:09:30","slug":"padangu-priputimo-pistoletas-0-16bar-2","status":"publish","type":"product","link":"https:\/\/irankiuzona.lt\/ru\/product\/padangu-priputimo-pistoletas-0-16bar-2\/","title":{"rendered":"Padang\u0173 prip\u016btimo pistoletas 0-16bar"},"content":{"rendered":"<p>Tinka automobiliams, motociklams, dvira\u010diams ir kt.Matuoklis su sm\u016bgiams atsparia gumine rankoveDiapazonas: 0\u201316 bar\u0173 (0\u2013225 psi)Sl\u0117gis \u2264150 psi12 x 370 mm prip\u016btimo \u017earna1\/4&quot; greito atlaisvinimo oro jungtis<\/p>","protected":false},"excerpt":{"rendered":"<p>Pistoletas padang\u0173 prip\u016btimui<\/p>","protected":false},"featured_media":257406,"comment_status":"open","ping_status":"open","template":"","meta":[],"product_cat":[9472],"product_tag":[9810],"class_list":{"0":"post-402049","1":"product","2":"type-product","3":"status-publish","4":"has-post-thumbnail","6":"product_brand-geko-lenkija","7":"product_cat-pistoletai-padangu-putimui","8":"product_tag-geko-lenkija","10":"first","11":"outofstock","12":"purchasable","13":"product-type-simple"},"jetpack_sharing_enabled":true,"_links":{"self":[{"href":"https:\/\/irankiuzona.lt\/ru\/wp-json\/wp\/v2\/product\/402049","targetHints":{"allow":["GET"]}}],"collection":[{"href":"https:\/\/irankiuzona.lt\/ru\/wp-json\/wp\/v2\/product"}],"about":[{"href":"https:\/\/irankiuzona.lt\/ru\/wp-json\/wp\/v2\/types\/product"}],"replies":[{"embeddable":true,"href":"https:\/\/irankiuzona.lt\/ru\/wp-json\/wp\/v2\/comments?post=402049"}],"version-history":[{"count":1,"href":"https:\/\/irankiuzona.lt\/ru\/wp-json\/wp\/v2\/product\/402049\/revisions"}],"predecessor-version":[{"id":420959,"href":"https:\/\/irankiuzona.lt\/ru\/wp-json\/wp\/v2\/product\/402049\/revisions\/420959"}],"wp:featuredmedia":[{"embeddable":true,"href":"https:\/\/irankiuzona.lt\/ru\/wp-json\/wp\/v2\/media\/257406"}],"wp:attachment":[{"href":"https:\/\/irankiuzona.lt\/ru\/wp-json\/wp\/v2\/media?parent=402049"}],"wp:term":[{"taxonomy":"product_cat","embeddable":true,"href":"https:\/\/irankiuzona.lt\/ru\/wp-json\/wp\/v2\/product_cat?post=402049"},{"taxonomy":"product_tag","embeddable":true,"href":"https:\/\/irankiuzona.lt\/ru\/wp-json\/wp\/v2\/product_tag?post=402049"}],"curies":[{"name":"wp","href":"https:\/\/api.w.org\/{rel}","templated":true}]}}