{"id":402055,"date":"2025-05-12T16:50:19","date_gmt":"2025-05-12T16:50:19","guid":{"rendered":"https:\/\/irankiuzona.lt\/product\/domkratas-pneumatinis-6-0-t-3\/"},"modified":"2026-04-11T16:58:30","modified_gmt":"2026-04-11T16:58:30","slug":"domkratas-pneumatinis-6-0-t-3","status":"publish","type":"product","link":"https:\/\/irankiuzona.lt\/ru\/product\/domkratas-pneumatinis-6-0-t-3\/","title":{"rendered":"Domkratas pneumatinis 6.0 t"},"content":{"rendered":"<p>Techniniai duomenysKeliamoji galia: 6000 kgMinimalus auk\u0161tis: 150 mmMaksimalus auk\u0161tis: 400 mmOro pagalv\u0117s balnelio skersmuo: 120 mmOro pagalv\u0117s skersmuo: 330 mmDarbinis sl\u0117gis: 6 &#8211; 12 bar\u0173Apsauginis vo\u017etuvas<\/p>","protected":false},"excerpt":{"rendered":"<p>Keltuvas su oro pagalve 6T<\/p>","protected":false},"featured_media":257433,"comment_status":"open","ping_status":"open","template":"","meta":[],"product_cat":[10056],"product_tag":[9810],"class_list":{"0":"post-402055","1":"product","2":"type-product","3":"status-publish","4":"has-post-thumbnail","6":"product_brand-geko-lenkija","7":"product_cat-domkratai-su-oro-pagalvemis","8":"product_tag-geko-lenkija","10":"first","11":"outofstock","12":"purchasable","13":"product-type-simple"},"jetpack_sharing_enabled":true,"_links":{"self":[{"href":"https:\/\/irankiuzona.lt\/ru\/wp-json\/wp\/v2\/product\/402055","targetHints":{"allow":["GET"]}}],"collection":[{"href":"https:\/\/irankiuzona.lt\/ru\/wp-json\/wp\/v2\/product"}],"about":[{"href":"https:\/\/irankiuzona.lt\/ru\/wp-json\/wp\/v2\/types\/product"}],"replies":[{"embeddable":true,"href":"https:\/\/irankiuzona.lt\/ru\/wp-json\/wp\/v2\/comments?post=402055"}],"version-history":[{"count":1,"href":"https:\/\/irankiuzona.lt\/ru\/wp-json\/wp\/v2\/product\/402055\/revisions"}],"predecessor-version":[{"id":420967,"href":"https:\/\/irankiuzona.lt\/ru\/wp-json\/wp\/v2\/product\/402055\/revisions\/420967"}],"wp:featuredmedia":[{"embeddable":true,"href":"https:\/\/irankiuzona.lt\/ru\/wp-json\/wp\/v2\/media\/257433"}],"wp:attachment":[{"href":"https:\/\/irankiuzona.lt\/ru\/wp-json\/wp\/v2\/media?parent=402055"}],"wp:term":[{"taxonomy":"product_cat","embeddable":true,"href":"https:\/\/irankiuzona.lt\/ru\/wp-json\/wp\/v2\/product_cat?post=402055"},{"taxonomy":"product_tag","embeddable":true,"href":"https:\/\/irankiuzona.lt\/ru\/wp-json\/wp\/v2\/product_tag?post=402055"}],"curies":[{"name":"wp","href":"https:\/\/api.w.org\/{rel}","templated":true}]}}