{"id":402059,"date":"2025-05-12T16:50:25","date_gmt":"2025-05-12T16:50:25","guid":{"rendered":"https:\/\/irankiuzona.lt\/product\/sutepimo-bakas-su-kojine-pompa-3l4m-zarna-2\/"},"modified":"2026-04-11T20:49:34","modified_gmt":"2026-04-11T20:49:34","slug":"sutepimo-bakas-su-kojine-pompa-3l4m-zarna-2","status":"publish","type":"product","link":"https:\/\/irankiuzona.lt\/ru\/product\/sutepimo-bakas-su-kojine-pompa-3l4m-zarna-2\/","title":{"rendered":"Sutepimo bakas su kojine pompa 3L+4m \u017earna"},"content":{"rendered":"<p>T\u016bris: 3 litraiMaksimalus sl\u0117gis: 30 MPa\u017darnos ilgis: 1,8 mKojos svirtisPlieninis b\u016bgno dangtis<\/p>","protected":false},"excerpt":{"rendered":"<p>Sutepimo bakas su kojine pompa 3L+4m \u017earna<\/p>","protected":false},"featured_media":257442,"comment_status":"open","ping_status":"open","template":"","meta":[],"product_cat":[9490],"product_tag":[9810],"class_list":{"0":"post-402059","1":"product","2":"type-product","3":"status-publish","4":"has-post-thumbnail","6":"product_brand-geko-lenkija","7":"product_cat-svirkstai-tepalams-alyvai","8":"product_tag-geko-lenkija","10":"first","11":"outofstock","12":"purchasable","13":"product-type-simple"},"jetpack_sharing_enabled":true,"_links":{"self":[{"href":"https:\/\/irankiuzona.lt\/ru\/wp-json\/wp\/v2\/product\/402059","targetHints":{"allow":["GET"]}}],"collection":[{"href":"https:\/\/irankiuzona.lt\/ru\/wp-json\/wp\/v2\/product"}],"about":[{"href":"https:\/\/irankiuzona.lt\/ru\/wp-json\/wp\/v2\/types\/product"}],"replies":[{"embeddable":true,"href":"https:\/\/irankiuzona.lt\/ru\/wp-json\/wp\/v2\/comments?post=402059"}],"version-history":[{"count":1,"href":"https:\/\/irankiuzona.lt\/ru\/wp-json\/wp\/v2\/product\/402059\/revisions"}],"predecessor-version":[{"id":420970,"href":"https:\/\/irankiuzona.lt\/ru\/wp-json\/wp\/v2\/product\/402059\/revisions\/420970"}],"wp:featuredmedia":[{"embeddable":true,"href":"https:\/\/irankiuzona.lt\/ru\/wp-json\/wp\/v2\/media\/257442"}],"wp:attachment":[{"href":"https:\/\/irankiuzona.lt\/ru\/wp-json\/wp\/v2\/media?parent=402059"}],"wp:term":[{"taxonomy":"product_cat","embeddable":true,"href":"https:\/\/irankiuzona.lt\/ru\/wp-json\/wp\/v2\/product_cat?post=402059"},{"taxonomy":"product_tag","embeddable":true,"href":"https:\/\/irankiuzona.lt\/ru\/wp-json\/wp\/v2\/product_tag?post=402059"}],"curies":[{"name":"wp","href":"https:\/\/api.w.org\/{rel}","templated":true}]}}