{"id":402087,"date":"2025-05-12T17:07:54","date_gmt":"2025-05-12T17:07:54","guid":{"rendered":"https:\/\/irankiuzona.lt\/product\/hidraulinis-presas-20-tonu-dvieju-greiciu-2\/"},"modified":"2026-05-15T05:15:20","modified_gmt":"2026-05-15T05:15:20","slug":"hidraulinis-presas-20-tonu-dvieju-greiciu-2","status":"publish","type":"product","link":"https:\/\/irankiuzona.lt\/ru\/product\/hidraulinis-presas-20-tonu-dvieju-greiciu-2\/","title":{"rendered":"Hidraulinis presas 20 ton\u0173 \/ dviej\u0173 grei\u010di\u0173"},"content":{"rendered":"<p>Naujas modelis<br \/>\nAuk\u0161tos klas\u0117s hidraulinis presas su dviej\u0173 grei\u010di\u0173 siurbliu, slankomu cilindru bei tvirta konstrukcija \u2013 nepakei\u010diamas pagalbininkas kiekvienose dirbtuv\u0117se.<br \/>\nGalia \u2013 20 ton\u0173;Darbinis auk\u0161tis 0-970 mm;8 auk\u0161\u010dio lygiai;Presavimo stalo plotis \u2013 510 mm;Hidraulinio cilindro diametras \u2013 47 mm;Integruotas manometras;Dviej\u0173 pakop\u0173 hidraulinis siurblys \u2013 greitam ir preciziniam valdymui;Kompakti\u0161ka siurblio konstrukcija;Komplekte dvi presavimo prizm\u0117s;Reguliuojama hidraulinio cilindro pozicija (kair\u0117-de\u0161in\u0117);R\u0117mas pagamintas i\u0161 auk\u0161tos klas\u0117s \u012frankinio plieno;Svoris \u2013 100 kg<\/p>","protected":false},"excerpt":{"rendered":"<p>Hidraulinis presas 20T \/ dviej\u0173 grei\u010di\u0173: greitam ir tiksliam darbui autoservise, automobili\u0173 remonto dirbtuv\u0117se<\/p>","protected":false},"featured_media":259560,"comment_status":"open","ping_status":"open","template":"","meta":[],"product_cat":[9946],"product_tag":[9810],"class_list":{"0":"post-402087","1":"product","2":"type-product","3":"status-publish","4":"has-post-thumbnail","6":"product_brand-geko-lenkija","7":"product_cat-hidrauliniai-presai","8":"product_tag-geko-lenkija","10":"first","11":"instock","12":"purchasable","13":"product-type-simple"},"jetpack_sharing_enabled":true,"_links":{"self":[{"href":"https:\/\/irankiuzona.lt\/ru\/wp-json\/wp\/v2\/product\/402087","targetHints":{"allow":["GET"]}}],"collection":[{"href":"https:\/\/irankiuzona.lt\/ru\/wp-json\/wp\/v2\/product"}],"about":[{"href":"https:\/\/irankiuzona.lt\/ru\/wp-json\/wp\/v2\/types\/product"}],"replies":[{"embeddable":true,"href":"https:\/\/irankiuzona.lt\/ru\/wp-json\/wp\/v2\/comments?post=402087"}],"version-history":[{"count":1,"href":"https:\/\/irankiuzona.lt\/ru\/wp-json\/wp\/v2\/product\/402087\/revisions"}],"predecessor-version":[{"id":421653,"href":"https:\/\/irankiuzona.lt\/ru\/wp-json\/wp\/v2\/product\/402087\/revisions\/421653"}],"wp:featuredmedia":[{"embeddable":true,"href":"https:\/\/irankiuzona.lt\/ru\/wp-json\/wp\/v2\/media\/259560"}],"wp:attachment":[{"href":"https:\/\/irankiuzona.lt\/ru\/wp-json\/wp\/v2\/media?parent=402087"}],"wp:term":[{"taxonomy":"product_cat","embeddable":true,"href":"https:\/\/irankiuzona.lt\/ru\/wp-json\/wp\/v2\/product_cat?post=402087"},{"taxonomy":"product_tag","embeddable":true,"href":"https:\/\/irankiuzona.lt\/ru\/wp-json\/wp\/v2\/product_tag?post=402087"}],"curies":[{"name":"wp","href":"https:\/\/api.w.org\/{rel}","templated":true}]}}