{"id":402107,"date":"2025-05-12T17:18:45","date_gmt":"2025-05-12T17:18:45","guid":{"rendered":"https:\/\/irankiuzona.lt\/product\/lynine-gerve-4t-su-dvigubu-krumpliaraciu-2\/"},"modified":"2026-04-13T18:00:09","modified_gmt":"2026-04-13T18:00:09","slug":"lynine-gerve-4t-su-dvigubu-krumpliaraciu-2","status":"publish","type":"product","link":"https:\/\/irankiuzona.lt\/ru\/product\/lynine-gerve-4t-su-dvigubu-krumpliaraciu-2\/","title":{"rendered":"Lynin\u0117 gerv\u0117 4T su dvigubu krumpliara\u010diu"},"content":{"rendered":"<p>Traukimo\u00a0galia: 4000 kgVirv\u0117s skersmuo: 6 mmVielos lyno ilgis: 2,5 mKabliuk\u0173 skai\u010dius: 2<\/p>","protected":false},"excerpt":{"rendered":"<p>Lynin\u0117 gerv\u0117 4T su dvigubu krumpliara\u010diu<\/p>","protected":false},"featured_media":261057,"comment_status":"open","ping_status":"open","template":"","meta":[],"product_cat":[9652],"product_tag":[9810],"class_list":{"0":"post-402107","1":"product","2":"type-product","3":"status-publish","4":"has-post-thumbnail","6":"product_brand-geko-lenkija","7":"product_cat-grandinines-lynines-gerves-juostines-traukes","8":"product_tag-geko-lenkija","10":"first","11":"instock","12":"purchasable","13":"product-type-simple"},"jetpack_sharing_enabled":true,"_links":{"self":[{"href":"https:\/\/irankiuzona.lt\/ru\/wp-json\/wp\/v2\/product\/402107","targetHints":{"allow":["GET"]}}],"collection":[{"href":"https:\/\/irankiuzona.lt\/ru\/wp-json\/wp\/v2\/product"}],"about":[{"href":"https:\/\/irankiuzona.lt\/ru\/wp-json\/wp\/v2\/types\/product"}],"replies":[{"embeddable":true,"href":"https:\/\/irankiuzona.lt\/ru\/wp-json\/wp\/v2\/comments?post=402107"}],"version-history":[{"count":1,"href":"https:\/\/irankiuzona.lt\/ru\/wp-json\/wp\/v2\/product\/402107\/revisions"}],"predecessor-version":[{"id":422153,"href":"https:\/\/irankiuzona.lt\/ru\/wp-json\/wp\/v2\/product\/402107\/revisions\/422153"}],"wp:featuredmedia":[{"embeddable":true,"href":"https:\/\/irankiuzona.lt\/ru\/wp-json\/wp\/v2\/media\/261057"}],"wp:attachment":[{"href":"https:\/\/irankiuzona.lt\/ru\/wp-json\/wp\/v2\/media?parent=402107"}],"wp:term":[{"taxonomy":"product_cat","embeddable":true,"href":"https:\/\/irankiuzona.lt\/ru\/wp-json\/wp\/v2\/product_cat?post=402107"},{"taxonomy":"product_tag","embeddable":true,"href":"https:\/\/irankiuzona.lt\/ru\/wp-json\/wp\/v2\/product_tag?post=402107"}],"curies":[{"name":"wp","href":"https:\/\/api.w.org\/{rel}","templated":true}]}}