{"id":402109,"date":"2025-05-12T17:18:53","date_gmt":"2025-05-12T17:18:53","guid":{"rendered":"https:\/\/irankiuzona.lt\/product\/gumytes-bagazui-tvirtinti-1-0-x-150cm-4vnt-2\/"},"modified":"2026-04-15T09:48:39","modified_gmt":"2026-04-15T09:48:39","slug":"gumytes-bagazui-tvirtinti-1-0-x-150cm-4vnt-2","status":"publish","type":"product","link":"https:\/\/irankiuzona.lt\/ru\/product\/gumytes-bagazui-tvirtinti-1-0-x-150cm-4vnt-2\/","title":{"rendered":"Gumyt\u0117s baga\u017eui tvirtinti 1.0 x 150cm 4vnt."},"content":{"rendered":"<p>pagamintas i\u0161 patvarios gumos, padengtos polipropileno virvelepuikiai tinka lengviems kroviniams pritvirtinti ant priekab\u0173, stogo baga\u017ein\u0117s, dvira\u010di\u0173 laikiklio ir kt.rinkinyje 4 gumos 10mm skersmens ir 150cm ilgio<\/p>","protected":false},"excerpt":{"rendered":"<p>Gumyt\u0117s baga\u017eui tvirtinti 1.0 x 150cm 4vnt.<\/p>","protected":false},"featured_media":261072,"comment_status":"open","ping_status":"open","template":"","meta":[],"product_cat":[9697],"product_tag":[9810],"class_list":{"0":"post-402109","1":"product","2":"type-product","3":"status-publish","4":"has-post-thumbnail","6":"product_brand-geko-lenkija","7":"product_cat-aksesuarai-automobiliams","8":"product_tag-geko-lenkija","10":"first","11":"instock","12":"purchasable","13":"product-type-simple"},"jetpack_sharing_enabled":true,"_links":{"self":[{"href":"https:\/\/irankiuzona.lt\/ru\/wp-json\/wp\/v2\/product\/402109","targetHints":{"allow":["GET"]}}],"collection":[{"href":"https:\/\/irankiuzona.lt\/ru\/wp-json\/wp\/v2\/product"}],"about":[{"href":"https:\/\/irankiuzona.lt\/ru\/wp-json\/wp\/v2\/types\/product"}],"replies":[{"embeddable":true,"href":"https:\/\/irankiuzona.lt\/ru\/wp-json\/wp\/v2\/comments?post=402109"}],"version-history":[{"count":1,"href":"https:\/\/irankiuzona.lt\/ru\/wp-json\/wp\/v2\/product\/402109\/revisions"}],"predecessor-version":[{"id":422158,"href":"https:\/\/irankiuzona.lt\/ru\/wp-json\/wp\/v2\/product\/402109\/revisions\/422158"}],"wp:featuredmedia":[{"embeddable":true,"href":"https:\/\/irankiuzona.lt\/ru\/wp-json\/wp\/v2\/media\/261072"}],"wp:attachment":[{"href":"https:\/\/irankiuzona.lt\/ru\/wp-json\/wp\/v2\/media?parent=402109"}],"wp:term":[{"taxonomy":"product_cat","embeddable":true,"href":"https:\/\/irankiuzona.lt\/ru\/wp-json\/wp\/v2\/product_cat?post=402109"},{"taxonomy":"product_tag","embeddable":true,"href":"https:\/\/irankiuzona.lt\/ru\/wp-json\/wp\/v2\/product_tag?post=402109"}],"curies":[{"name":"wp","href":"https:\/\/api.w.org\/{rel}","templated":true}]}}