{"id":402111,"date":"2025-05-12T17:18:54","date_gmt":"2025-05-12T17:18:54","guid":{"rendered":"https:\/\/irankiuzona.lt\/product\/pompa-skysciams-8l-pneumo-2\/"},"modified":"2026-04-12T00:22:29","modified_gmt":"2026-04-12T00:22:29","slug":"pompa-skysciams-8l-pneumo-2","status":"publish","type":"product","link":"https:\/\/irankiuzona.lt\/ru\/product\/pompa-skysciams-8l-pneumo-2\/","title":{"rendered":"Pompa skys\u010diams 8L pneumo"},"content":{"rendered":"<p>Talpa: 8 litraiDarbin\u0117 temperat\u016bra: nuo -4\u00b0C iki 90\u00b0CMaksimalus darbinis sl\u0117gis: 1,5 kPaPaskirtis: variklio alyva, pavar\u0173 d\u0117\u017e\u0117s alyva, ATF \/ stabd\u017ei\u0173 alyva ir kt.\u017darnel\u0117s ilgis: 1,5 m<\/p>","protected":false},"excerpt":{"rendered":"<p>Pompa skys\u010diams 8L pneumo<\/p>","protected":false},"featured_media":261075,"comment_status":"open","ping_status":"open","template":"","meta":[],"product_cat":[10031],"product_tag":[9810],"class_list":{"0":"post-402111","1":"product","2":"type-product","3":"status-publish","4":"has-post-thumbnail","6":"product_brand-geko-lenkija","7":"product_cat-tepalo-uzpildymo-surinkimo-iranga-talpos-tepalams","8":"product_tag-geko-lenkija","10":"first","11":"outofstock","12":"purchasable","13":"product-type-simple"},"jetpack_sharing_enabled":true,"_links":{"self":[{"href":"https:\/\/irankiuzona.lt\/ru\/wp-json\/wp\/v2\/product\/402111","targetHints":{"allow":["GET"]}}],"collection":[{"href":"https:\/\/irankiuzona.lt\/ru\/wp-json\/wp\/v2\/product"}],"about":[{"href":"https:\/\/irankiuzona.lt\/ru\/wp-json\/wp\/v2\/types\/product"}],"replies":[{"embeddable":true,"href":"https:\/\/irankiuzona.lt\/ru\/wp-json\/wp\/v2\/comments?post=402111"}],"version-history":[{"count":1,"href":"https:\/\/irankiuzona.lt\/ru\/wp-json\/wp\/v2\/product\/402111\/revisions"}],"predecessor-version":[{"id":422159,"href":"https:\/\/irankiuzona.lt\/ru\/wp-json\/wp\/v2\/product\/402111\/revisions\/422159"}],"wp:featuredmedia":[{"embeddable":true,"href":"https:\/\/irankiuzona.lt\/ru\/wp-json\/wp\/v2\/media\/261075"}],"wp:attachment":[{"href":"https:\/\/irankiuzona.lt\/ru\/wp-json\/wp\/v2\/media?parent=402111"}],"wp:term":[{"taxonomy":"product_cat","embeddable":true,"href":"https:\/\/irankiuzona.lt\/ru\/wp-json\/wp\/v2\/product_cat?post=402111"},{"taxonomy":"product_tag","embeddable":true,"href":"https:\/\/irankiuzona.lt\/ru\/wp-json\/wp\/v2\/product_tag?post=402111"}],"curies":[{"name":"wp","href":"https:\/\/api.w.org\/{rel}","templated":true}]}}