{"id":402119,"date":"2025-05-12T17:19:21","date_gmt":"2025-05-12T17:19:21","guid":{"rendered":"https:\/\/irankiuzona.lt\/product\/diskas-deimantinis-segmentinis-300x10x254mm-2\/"},"modified":"2026-05-10T05:26:27","modified_gmt":"2026-05-10T05:26:27","slug":"diskas-deimantinis-segmentinis-300x10x254mm-2","status":"publish","type":"product","link":"https:\/\/irankiuzona.lt\/ru\/product\/diskas-deimantinis-segmentinis-300x10x254mm-2\/","title":{"rendered":"Diskas deimantinis segmentinis 300x10x25,4mm"},"content":{"rendered":"<p>Idealiai tinka marmurui, granitui, akmeniui, betonui, blokams, plytoms, m\u016bro med\u017eiagoms ir pan.Didel\u0117 deimant\u0173 koncentracija ilgaam\u017ei\u0161kumui<br \/>\nTechniniai duomenys:<br \/>\nDisko\u00a0tipas: segmentuotasA\u0161men\u0173 skersmuo: 300 mmSkyl\u0117s dydis: 25,4 mmSegment\u0173 auk\u0161tis: 10 mmGreitis [rpm]: 5100<\/p>\n","protected":false},"excerpt":{"rendered":"<p>Diskas deimantinis segmentinis 300x10x25,4mm<\/p>","protected":false},"featured_media":261131,"comment_status":"open","ping_status":"open","template":"","meta":[],"product_cat":[9725],"product_tag":[9810],"class_list":{"0":"post-402119","1":"product","2":"type-product","3":"status-publish","4":"has-post-thumbnail","6":"product_brand-geko-lenkija","7":"product_cat-betono-pjovimo-diskai","8":"product_tag-geko-lenkija","10":"first","11":"instock","12":"purchasable","13":"product-type-simple"},"jetpack_sharing_enabled":true,"_links":{"self":[{"href":"https:\/\/irankiuzona.lt\/ru\/wp-json\/wp\/v2\/product\/402119","targetHints":{"allow":["GET"]}}],"collection":[{"href":"https:\/\/irankiuzona.lt\/ru\/wp-json\/wp\/v2\/product"}],"about":[{"href":"https:\/\/irankiuzona.lt\/ru\/wp-json\/wp\/v2\/types\/product"}],"replies":[{"embeddable":true,"href":"https:\/\/irankiuzona.lt\/ru\/wp-json\/wp\/v2\/comments?post=402119"}],"version-history":[{"count":1,"href":"https:\/\/irankiuzona.lt\/ru\/wp-json\/wp\/v2\/product\/402119\/revisions"}],"predecessor-version":[{"id":422177,"href":"https:\/\/irankiuzona.lt\/ru\/wp-json\/wp\/v2\/product\/402119\/revisions\/422177"}],"wp:featuredmedia":[{"embeddable":true,"href":"https:\/\/irankiuzona.lt\/ru\/wp-json\/wp\/v2\/media\/261131"}],"wp:attachment":[{"href":"https:\/\/irankiuzona.lt\/ru\/wp-json\/wp\/v2\/media?parent=402119"}],"wp:term":[{"taxonomy":"product_cat","embeddable":true,"href":"https:\/\/irankiuzona.lt\/ru\/wp-json\/wp\/v2\/product_cat?post=402119"},{"taxonomy":"product_tag","embeddable":true,"href":"https:\/\/irankiuzona.lt\/ru\/wp-json\/wp\/v2\/product_tag?post=402119"}],"curies":[{"name":"wp","href":"https:\/\/api.w.org\/{rel}","templated":true}]}}