{"id":402121,"date":"2025-05-12T17:19:26","date_gmt":"2025-05-12T17:19:26","guid":{"rendered":"https:\/\/irankiuzona.lt\/product\/diskas-deimantinis-segmentis-turbo-3501032mm-2\/"},"modified":"2026-03-10T06:35:26","modified_gmt":"2026-03-10T06:35:26","slug":"diskas-deimantinis-segmentis-turbo-3501032mm-2","status":"publish","type":"product","link":"https:\/\/irankiuzona.lt\/ru\/product\/diskas-deimantinis-segmentis-turbo-3501032mm-2\/","title":{"rendered":"Diskas deimantinis segmentis-turbo 350*10*32mm"},"content":{"rendered":"<p>Idealiai tinka marmurui, granitui, akmeniui, betonui, blokams, plytoms, m\u016bro med\u017eiagoms ir pan.Didel\u0117 deimant\u0173 koncentracija ilgaam\u017ei\u0161kumui<br \/>\nTechniniai duomenys:<br \/>\nDisko\u00a0tipas: segmentuotasA\u0161men\u0173 skersmuo: 350 mmSkyl\u0117s dydis:\u00a032 mmSegment\u0173 auk\u0161tis: 10 mmGreitis [rpm]:\u00a04500<\/p>\n","protected":false},"excerpt":{"rendered":"<p>Diskas deimantinis segmentis-turbo 350*10*32mm<\/p>","protected":false},"featured_media":261140,"comment_status":"open","ping_status":"open","template":"","meta":[],"product_cat":[9725],"product_tag":[9810],"class_list":{"0":"post-402121","1":"product","2":"type-product","3":"status-publish","4":"has-post-thumbnail","6":"product_brand-geko-lenkija","7":"product_cat-betono-pjovimo-diskai","8":"product_tag-geko-lenkija","10":"first","11":"outofstock","12":"purchasable","13":"product-type-simple"},"jetpack_sharing_enabled":true,"_links":{"self":[{"href":"https:\/\/irankiuzona.lt\/ru\/wp-json\/wp\/v2\/product\/402121","targetHints":{"allow":["GET"]}}],"collection":[{"href":"https:\/\/irankiuzona.lt\/ru\/wp-json\/wp\/v2\/product"}],"about":[{"href":"https:\/\/irankiuzona.lt\/ru\/wp-json\/wp\/v2\/types\/product"}],"replies":[{"embeddable":true,"href":"https:\/\/irankiuzona.lt\/ru\/wp-json\/wp\/v2\/comments?post=402121"}],"version-history":[{"count":1,"href":"https:\/\/irankiuzona.lt\/ru\/wp-json\/wp\/v2\/product\/402121\/revisions"}],"predecessor-version":[{"id":422180,"href":"https:\/\/irankiuzona.lt\/ru\/wp-json\/wp\/v2\/product\/402121\/revisions\/422180"}],"wp:featuredmedia":[{"embeddable":true,"href":"https:\/\/irankiuzona.lt\/ru\/wp-json\/wp\/v2\/media\/261140"}],"wp:attachment":[{"href":"https:\/\/irankiuzona.lt\/ru\/wp-json\/wp\/v2\/media?parent=402121"}],"wp:term":[{"taxonomy":"product_cat","embeddable":true,"href":"https:\/\/irankiuzona.lt\/ru\/wp-json\/wp\/v2\/product_cat?post=402121"},{"taxonomy":"product_tag","embeddable":true,"href":"https:\/\/irankiuzona.lt\/ru\/wp-json\/wp\/v2\/product_tag?post=402121"}],"curies":[{"name":"wp","href":"https:\/\/api.w.org\/{rel}","templated":true}]}}