{"id":402129,"date":"2025-05-12T17:27:08","date_gmt":"2025-05-12T17:27:08","guid":{"rendered":"https:\/\/irankiuzona.lt\/product\/gerve-lynine-2t-2\/"},"modified":"2026-04-11T19:04:58","modified_gmt":"2026-04-11T19:04:58","slug":"gerve-lynine-2t-2","status":"publish","type":"product","link":"https:\/\/irankiuzona.lt\/ru\/product\/gerve-lynine-2t-2\/","title":{"rendered":"Gerv\u0117 lynin\u0117 2T"},"content":{"rendered":"<p>Keliamoji galia: 2000 kgVirv\u0117s skersmuo: 4,5 mmVielos lyno ilgis: 2,5 mKabliuk\u0173 skai\u010dius: 2Krumpliara\u010dio \/ antgalio tipas: viengubasPavaros santykis: 15:1<\/p>","protected":false},"excerpt":{"rendered":"<p>Gerv\u0117 lynin\u0117 2T<\/p>","protected":false},"featured_media":262281,"comment_status":"open","ping_status":"open","template":"","meta":[],"product_cat":[9652],"product_tag":[9810],"class_list":{"0":"post-402129","1":"product","2":"type-product","3":"status-publish","4":"has-post-thumbnail","6":"product_brand-geko-lenkija","7":"product_cat-grandinines-lynines-gerves-juostines-traukes","8":"product_tag-geko-lenkija","10":"first","11":"instock","12":"purchasable","13":"product-type-simple"},"jetpack_sharing_enabled":true,"_links":{"self":[{"href":"https:\/\/irankiuzona.lt\/ru\/wp-json\/wp\/v2\/product\/402129","targetHints":{"allow":["GET"]}}],"collection":[{"href":"https:\/\/irankiuzona.lt\/ru\/wp-json\/wp\/v2\/product"}],"about":[{"href":"https:\/\/irankiuzona.lt\/ru\/wp-json\/wp\/v2\/types\/product"}],"replies":[{"embeddable":true,"href":"https:\/\/irankiuzona.lt\/ru\/wp-json\/wp\/v2\/comments?post=402129"}],"version-history":[{"count":1,"href":"https:\/\/irankiuzona.lt\/ru\/wp-json\/wp\/v2\/product\/402129\/revisions"}],"predecessor-version":[{"id":422553,"href":"https:\/\/irankiuzona.lt\/ru\/wp-json\/wp\/v2\/product\/402129\/revisions\/422553"}],"wp:featuredmedia":[{"embeddable":true,"href":"https:\/\/irankiuzona.lt\/ru\/wp-json\/wp\/v2\/media\/262281"}],"wp:attachment":[{"href":"https:\/\/irankiuzona.lt\/ru\/wp-json\/wp\/v2\/media?parent=402129"}],"wp:term":[{"taxonomy":"product_cat","embeddable":true,"href":"https:\/\/irankiuzona.lt\/ru\/wp-json\/wp\/v2\/product_cat?post=402129"},{"taxonomy":"product_tag","embeddable":true,"href":"https:\/\/irankiuzona.lt\/ru\/wp-json\/wp\/v2\/product_tag?post=402129"}],"curies":[{"name":"wp","href":"https:\/\/api.w.org\/{rel}","templated":true}]}}