{"id":402147,"date":"2025-05-12T17:34:26","date_gmt":"2025-05-12T17:34:26","guid":{"rendered":"https:\/\/irankiuzona.lt\/product\/reples-pusasiu-gumu-savarzoms-10\/"},"modified":"2026-03-14T12:30:29","modified_gmt":"2026-03-14T12:30:29","slug":"reples-pusasiu-gumu-savarzoms-10","status":"publish","type":"product","link":"https:\/\/irankiuzona.lt\/ru\/product\/reples-pusasiu-gumu-savarzoms-10\/","title":{"rendered":"Repl\u0117s pusa\u0161i\u0173 gum\u0173 s\u0105var\u017eoms"},"content":{"rendered":"","protected":false},"excerpt":{"rendered":"<p>Repl\u0117s pusa\u0161i\u0173 gum\u0173 s\u0105var\u017eoms<\/p>","protected":false},"featured_media":263226,"comment_status":"open","ping_status":"open","template":"","meta":[],"product_cat":[9764],"product_tag":[9810],"class_list":{"0":"post-402147","1":"product","2":"type-product","3":"status-publish","4":"has-post-thumbnail","6":"product_brand-geko-lenkija","7":"product_cat-irankiai-granatoms-pusasiu-gumoms-savarzos","8":"product_tag-geko-lenkija","10":"first","11":"outofstock","12":"purchasable","13":"product-type-simple"},"jetpack_sharing_enabled":true,"_links":{"self":[{"href":"https:\/\/irankiuzona.lt\/ru\/wp-json\/wp\/v2\/product\/402147","targetHints":{"allow":["GET"]}}],"collection":[{"href":"https:\/\/irankiuzona.lt\/ru\/wp-json\/wp\/v2\/product"}],"about":[{"href":"https:\/\/irankiuzona.lt\/ru\/wp-json\/wp\/v2\/types\/product"}],"replies":[{"embeddable":true,"href":"https:\/\/irankiuzona.lt\/ru\/wp-json\/wp\/v2\/comments?post=402147"}],"version-history":[{"count":1,"href":"https:\/\/irankiuzona.lt\/ru\/wp-json\/wp\/v2\/product\/402147\/revisions"}],"predecessor-version":[{"id":422866,"href":"https:\/\/irankiuzona.lt\/ru\/wp-json\/wp\/v2\/product\/402147\/revisions\/422866"}],"wp:featuredmedia":[{"embeddable":true,"href":"https:\/\/irankiuzona.lt\/ru\/wp-json\/wp\/v2\/media\/263226"}],"wp:attachment":[{"href":"https:\/\/irankiuzona.lt\/ru\/wp-json\/wp\/v2\/media?parent=402147"}],"wp:term":[{"taxonomy":"product_cat","embeddable":true,"href":"https:\/\/irankiuzona.lt\/ru\/wp-json\/wp\/v2\/product_cat?post=402147"},{"taxonomy":"product_tag","embeddable":true,"href":"https:\/\/irankiuzona.lt\/ru\/wp-json\/wp\/v2\/product_tag?post=402147"}],"curies":[{"name":"wp","href":"https:\/\/api.w.org\/{rel}","templated":true}]}}