{"id":402155,"date":"2025-05-12T17:34:40","date_gmt":"2025-05-12T17:34:40","guid":{"rendered":"https:\/\/irankiuzona.lt\/product\/tentas-68m\/"},"modified":"2026-04-12T23:09:51","modified_gmt":"2026-04-12T23:09:51","slug":"tentas-68m","status":"publish","type":"product","link":"https:\/\/irankiuzona.lt\/ru\/product\/tentas-68m\/","title":{"rendered":"Tentas 6*8m"},"content":{"rendered":"<p>Atsparus vandeniuiAtsparus pel\u0117siui ir lengvai plaunamasAliuminin\u0117s kilpel\u0117s 1 m intervalais<\/p>","protected":false},"excerpt":{"rendered":"<p>Tentas 6*8m<\/p>","protected":false},"featured_media":263253,"comment_status":"open","ping_status":"open","template":"","meta":[],"product_cat":[9448],"product_tag":[9810],"class_list":{"0":"post-402155","1":"product","2":"type-product","3":"status-publish","4":"has-post-thumbnail","6":"product_brand-geko-lenkija","7":"product_cat-tentai","8":"product_tag-geko-lenkija","10":"first","11":"instock","12":"purchasable","13":"product-type-simple"},"jetpack_sharing_enabled":true,"_links":{"self":[{"href":"https:\/\/irankiuzona.lt\/ru\/wp-json\/wp\/v2\/product\/402155","targetHints":{"allow":["GET"]}}],"collection":[{"href":"https:\/\/irankiuzona.lt\/ru\/wp-json\/wp\/v2\/product"}],"about":[{"href":"https:\/\/irankiuzona.lt\/ru\/wp-json\/wp\/v2\/types\/product"}],"replies":[{"embeddable":true,"href":"https:\/\/irankiuzona.lt\/ru\/wp-json\/wp\/v2\/comments?post=402155"}],"version-history":[{"count":1,"href":"https:\/\/irankiuzona.lt\/ru\/wp-json\/wp\/v2\/product\/402155\/revisions"}],"predecessor-version":[{"id":422875,"href":"https:\/\/irankiuzona.lt\/ru\/wp-json\/wp\/v2\/product\/402155\/revisions\/422875"}],"wp:featuredmedia":[{"embeddable":true,"href":"https:\/\/irankiuzona.lt\/ru\/wp-json\/wp\/v2\/media\/263253"}],"wp:attachment":[{"href":"https:\/\/irankiuzona.lt\/ru\/wp-json\/wp\/v2\/media?parent=402155"}],"wp:term":[{"taxonomy":"product_cat","embeddable":true,"href":"https:\/\/irankiuzona.lt\/ru\/wp-json\/wp\/v2\/product_cat?post=402155"},{"taxonomy":"product_tag","embeddable":true,"href":"https:\/\/irankiuzona.lt\/ru\/wp-json\/wp\/v2\/product_tag?post=402155"}],"curies":[{"name":"wp","href":"https:\/\/api.w.org\/{rel}","templated":true}]}}