{"id":402159,"date":"2025-05-12T17:34:48","date_gmt":"2025-05-12T17:34:48","guid":{"rendered":"https:\/\/irankiuzona.lt\/product\/pjovimo-diskas-medziui-125x222x60t-2\/"},"modified":"2026-04-13T04:41:48","modified_gmt":"2026-04-13T04:41:48","slug":"pjovimo-diskas-medziui-125x222x60t-2","status":"publish","type":"product","link":"https:\/\/irankiuzona.lt\/ru\/product\/pjovimo-diskas-medziui-125x222x60t-2\/","title":{"rendered":"Pjovimo diskas med\u017eiui 125&#215;22,2x60T"},"content":{"rendered":"<p>Skersmuo: 125 mmMontavimo anga: 22 mmDant\u0173 skai\u010dius: 60Maksimalus greitis: 12 000 aps.\/min<\/p>","protected":false},"excerpt":{"rendered":"<p>Pjovimo diskas med\u017eiui 125&#215;22,2x60T<\/p>","protected":false},"featured_media":263273,"comment_status":"open","ping_status":"open","template":"","meta":[],"product_cat":[9473],"product_tag":[9810],"class_list":{"0":"post-402159","1":"product","2":"type-product","3":"status-publish","4":"has-post-thumbnail","6":"product_brand-geko-lenkija","7":"product_cat-medzio-pjovimo-diskai","8":"product_tag-geko-lenkija","10":"first","11":"instock","12":"purchasable","13":"product-type-simple"},"jetpack_sharing_enabled":true,"_links":{"self":[{"href":"https:\/\/irankiuzona.lt\/ru\/wp-json\/wp\/v2\/product\/402159","targetHints":{"allow":["GET"]}}],"collection":[{"href":"https:\/\/irankiuzona.lt\/ru\/wp-json\/wp\/v2\/product"}],"about":[{"href":"https:\/\/irankiuzona.lt\/ru\/wp-json\/wp\/v2\/types\/product"}],"replies":[{"embeddable":true,"href":"https:\/\/irankiuzona.lt\/ru\/wp-json\/wp\/v2\/comments?post=402159"}],"version-history":[{"count":1,"href":"https:\/\/irankiuzona.lt\/ru\/wp-json\/wp\/v2\/product\/402159\/revisions"}],"predecessor-version":[{"id":422882,"href":"https:\/\/irankiuzona.lt\/ru\/wp-json\/wp\/v2\/product\/402159\/revisions\/422882"}],"wp:featuredmedia":[{"embeddable":true,"href":"https:\/\/irankiuzona.lt\/ru\/wp-json\/wp\/v2\/media\/263273"}],"wp:attachment":[{"href":"https:\/\/irankiuzona.lt\/ru\/wp-json\/wp\/v2\/media?parent=402159"}],"wp:term":[{"taxonomy":"product_cat","embeddable":true,"href":"https:\/\/irankiuzona.lt\/ru\/wp-json\/wp\/v2\/product_cat?post=402159"},{"taxonomy":"product_tag","embeddable":true,"href":"https:\/\/irankiuzona.lt\/ru\/wp-json\/wp\/v2\/product_tag?post=402159"}],"curies":[{"name":"wp","href":"https:\/\/api.w.org\/{rel}","templated":true}]}}