{"id":402191,"date":"2025-05-12T17:40:03","date_gmt":"2025-05-12T17:40:03","guid":{"rendered":"https:\/\/irankiuzona.lt\/product\/ratu-balansavimo-stakles-motociklams-reguliuojamos-2\/"},"modified":"2026-05-09T10:14:30","modified_gmt":"2026-05-09T10:14:30","slug":"ratu-balansavimo-stakles-motociklams-reguliuojamos-2","status":"publish","type":"product","link":"https:\/\/irankiuzona.lt\/ru\/product\/ratu-balansavimo-stakles-motociklams-reguliuojamos-2\/","title":{"rendered":"RAT\u0172 BALANSAVIMO STAKL\u0116S MOTOCIKLAMS REGULIUOJAMOS"},"content":{"rendered":"<p>\u0160is \u012frankis leid\u017eia subalansuoti ratus nam\u0173 dirbtuv\u0117seMotociklo rat\u0173 balansavimo stakl\u0117s,ratams nuo 10 iki 28 coli\u0173 skersmens<\/p>","protected":false},"excerpt":{"rendered":"<p>RAT\u0172 BALANSAVIMO STAKL\u0116S MOTOCIKLAMS REGULIUOJAMOS<\/p>","protected":false},"featured_media":264080,"comment_status":"open","ping_status":"open","template":"","meta":[],"product_cat":[10111],"product_tag":[9810],"class_list":{"0":"post-402191","1":"product","2":"type-product","3":"status-publish","4":"has-post-thumbnail","6":"product_brand-geko-lenkija","7":"product_cat-ratu-montavimo-stakles","8":"product_tag-geko-lenkija","10":"first","11":"instock","12":"purchasable","13":"product-type-simple"},"jetpack_sharing_enabled":true,"_links":{"self":[{"href":"https:\/\/irankiuzona.lt\/ru\/wp-json\/wp\/v2\/product\/402191","targetHints":{"allow":["GET"]}}],"collection":[{"href":"https:\/\/irankiuzona.lt\/ru\/wp-json\/wp\/v2\/product"}],"about":[{"href":"https:\/\/irankiuzona.lt\/ru\/wp-json\/wp\/v2\/types\/product"}],"replies":[{"embeddable":true,"href":"https:\/\/irankiuzona.lt\/ru\/wp-json\/wp\/v2\/comments?post=402191"}],"version-history":[{"count":1,"href":"https:\/\/irankiuzona.lt\/ru\/wp-json\/wp\/v2\/product\/402191\/revisions"}],"predecessor-version":[{"id":423136,"href":"https:\/\/irankiuzona.lt\/ru\/wp-json\/wp\/v2\/product\/402191\/revisions\/423136"}],"wp:featuredmedia":[{"embeddable":true,"href":"https:\/\/irankiuzona.lt\/ru\/wp-json\/wp\/v2\/media\/264080"}],"wp:attachment":[{"href":"https:\/\/irankiuzona.lt\/ru\/wp-json\/wp\/v2\/media?parent=402191"}],"wp:term":[{"taxonomy":"product_cat","embeddable":true,"href":"https:\/\/irankiuzona.lt\/ru\/wp-json\/wp\/v2\/product_cat?post=402191"},{"taxonomy":"product_tag","embeddable":true,"href":"https:\/\/irankiuzona.lt\/ru\/wp-json\/wp\/v2\/product_tag?post=402191"}],"curies":[{"name":"wp","href":"https:\/\/api.w.org\/{rel}","templated":true}]}}