{"id":402201,"date":"2025-05-12T17:45:16","date_gmt":"2025-05-12T17:45:16","guid":{"rendered":"https:\/\/irankiuzona.lt\/product\/slifavimo-diskas-abrazyvas-melynas-125222mm-2\/"},"modified":"2026-04-15T08:25:53","modified_gmt":"2026-04-15T08:25:53","slug":"slifavimo-diskas-abrazyvas-melynas-125222mm-2","status":"publish","type":"product","link":"https:\/\/irankiuzona.lt\/ru\/product\/slifavimo-diskas-abrazyvas-melynas-125222mm-2\/","title":{"rendered":"\u0160lifavimo diskas abrazyvas m\u0117lynas 125*22,2mm"},"content":{"rendered":"<p>125 x 22,2 mmTinka valyti suvirinimo si\u016bles, r\u016bdis, lak\u0105 ir da\u017eus nuo \u012fvairi\u0173 pavir\u0161i\u0173.<\/p>","protected":false},"excerpt":{"rendered":"<p>\u0160lifavimo diskas abrazyvas m\u0117lynas 125*22,2mm<\/p>","protected":false},"featured_media":264837,"comment_status":"open","ping_status":"open","template":"","meta":[],"product_cat":[9812],"product_tag":[9810],"class_list":{"0":"post-402201","1":"product","2":"type-product","3":"status-publish","4":"has-post-thumbnail","6":"product_brand-geko-lenkija","7":"product_cat-slifavimo-sveitimo-diskai","8":"product_tag-geko-lenkija","10":"first","11":"outofstock","12":"purchasable","13":"product-type-simple"},"jetpack_sharing_enabled":true,"_links":{"self":[{"href":"https:\/\/irankiuzona.lt\/ru\/wp-json\/wp\/v2\/product\/402201","targetHints":{"allow":["GET"]}}],"collection":[{"href":"https:\/\/irankiuzona.lt\/ru\/wp-json\/wp\/v2\/product"}],"about":[{"href":"https:\/\/irankiuzona.lt\/ru\/wp-json\/wp\/v2\/types\/product"}],"replies":[{"embeddable":true,"href":"https:\/\/irankiuzona.lt\/ru\/wp-json\/wp\/v2\/comments?post=402201"}],"version-history":[{"count":1,"href":"https:\/\/irankiuzona.lt\/ru\/wp-json\/wp\/v2\/product\/402201\/revisions"}],"predecessor-version":[{"id":423395,"href":"https:\/\/irankiuzona.lt\/ru\/wp-json\/wp\/v2\/product\/402201\/revisions\/423395"}],"wp:featuredmedia":[{"embeddable":true,"href":"https:\/\/irankiuzona.lt\/ru\/wp-json\/wp\/v2\/media\/264837"}],"wp:attachment":[{"href":"https:\/\/irankiuzona.lt\/ru\/wp-json\/wp\/v2\/media?parent=402201"}],"wp:term":[{"taxonomy":"product_cat","embeddable":true,"href":"https:\/\/irankiuzona.lt\/ru\/wp-json\/wp\/v2\/product_cat?post=402201"},{"taxonomy":"product_tag","embeddable":true,"href":"https:\/\/irankiuzona.lt\/ru\/wp-json\/wp\/v2\/product_tag?post=402201"}],"curies":[{"name":"wp","href":"https:\/\/api.w.org\/{rel}","templated":true}]}}