{"id":402225,"date":"2025-05-12T17:46:02","date_gmt":"2025-05-12T17:46:02","guid":{"rendered":"https:\/\/irankiuzona.lt\/product\/apsaugine-kauke-smeliavimui-3\/"},"modified":"2026-05-09T23:39:27","modified_gmt":"2026-05-09T23:39:27","slug":"apsaugine-kauke-smeliavimui-3","status":"publish","type":"product","link":"https:\/\/irankiuzona.lt\/ru\/product\/apsaugine-kauke-smeliavimui-3\/","title":{"rendered":"Apsaugin\u0117 kauk\u0117 sm\u0117liavimui"},"content":{"rendered":"<p>Apsaugin\u0117 kauk\u0117 nuo sm\u0117lio srov\u0117s, su \u0161almu. \u0160almas gali b\u016bti reguliuojamas pagal galvos dyd\u012f, komplektuojamas su skydeliu ir apsauginiu tinkleliu, kur\u012f esant reikalui galima nuimti.<\/p>","protected":false},"excerpt":{"rendered":"<p>Apsaugin\u0117 kauk\u0117 sm\u0117liavimui<\/p>","protected":false},"featured_media":264947,"comment_status":"open","ping_status":"open","template":"","meta":[],"product_cat":[9896],"product_tag":[9810],"class_list":{"0":"post-402225","1":"product","2":"type-product","3":"status-publish","4":"has-post-thumbnail","6":"product_brand-geko-lenkija","7":"product_cat-smeliasroves-irankiai-smeliavimui-plovykles","8":"product_tag-geko-lenkija","10":"first","11":"instock","12":"purchasable","13":"product-type-simple"},"jetpack_sharing_enabled":true,"_links":{"self":[{"href":"https:\/\/irankiuzona.lt\/ru\/wp-json\/wp\/v2\/product\/402225","targetHints":{"allow":["GET"]}}],"collection":[{"href":"https:\/\/irankiuzona.lt\/ru\/wp-json\/wp\/v2\/product"}],"about":[{"href":"https:\/\/irankiuzona.lt\/ru\/wp-json\/wp\/v2\/types\/product"}],"replies":[{"embeddable":true,"href":"https:\/\/irankiuzona.lt\/ru\/wp-json\/wp\/v2\/comments?post=402225"}],"version-history":[{"count":1,"href":"https:\/\/irankiuzona.lt\/ru\/wp-json\/wp\/v2\/product\/402225\/revisions"}],"predecessor-version":[{"id":423432,"href":"https:\/\/irankiuzona.lt\/ru\/wp-json\/wp\/v2\/product\/402225\/revisions\/423432"}],"wp:featuredmedia":[{"embeddable":true,"href":"https:\/\/irankiuzona.lt\/ru\/wp-json\/wp\/v2\/media\/264947"}],"wp:attachment":[{"href":"https:\/\/irankiuzona.lt\/ru\/wp-json\/wp\/v2\/media?parent=402225"}],"wp:term":[{"taxonomy":"product_cat","embeddable":true,"href":"https:\/\/irankiuzona.lt\/ru\/wp-json\/wp\/v2\/product_cat?post=402225"},{"taxonomy":"product_tag","embeddable":true,"href":"https:\/\/irankiuzona.lt\/ru\/wp-json\/wp\/v2\/product_tag?post=402225"}],"curies":[{"name":"wp","href":"https:\/\/api.w.org\/{rel}","templated":true}]}}