{"id":402251,"date":"2025-05-12T17:51:12","date_gmt":"2025-05-12T17:51:12","guid":{"rendered":"https:\/\/irankiuzona.lt\/product\/oro-srauto-reguliatorius-su-filtru-ir-tepaline-dydis-1-4-4\/"},"modified":"2026-04-15T13:19:44","modified_gmt":"2026-04-15T13:19:44","slug":"oro-srauto-reguliatorius-su-filtru-ir-tepaline-dydis-1-4-4","status":"publish","type":"product","link":"https:\/\/irankiuzona.lt\/ru\/product\/oro-srauto-reguliatorius-su-filtru-ir-tepaline-dydis-1-4-4\/","title":{"rendered":"Oro srauto reguliatorius su filtru ir tepaline dydis 1\/4&quot;"},"content":{"rendered":"<p>Techniniai duomenys<br \/>\nManometro skal\u0117: 0 &#8211; 10 bar\u0173Reguliuojamas sl\u0117gio diapazonas: 0,5 &#8211; 9,0 barDarbin\u0117 temperat\u016bra: 5 &#8211; 60\u00b0CNa\u0161umas: iki 500 litr\u0173\/minMed\u017eiaga: metalas, plastikas, polikarbonatas<\/p>","protected":false},"excerpt":{"rendered":"<p>Oro srauto reguliatorius su filtru ir tepaline dydis 1\/4&quot;<\/p>","protected":false},"featured_media":265675,"comment_status":"open","ping_status":"open","template":"","meta":[],"product_cat":[9706],"product_tag":[9810],"class_list":{"0":"post-402251","1":"product","2":"type-product","3":"status-publish","4":"has-post-thumbnail","6":"product_brand-geko-lenkija","7":"product_cat-oro-srauto-reguliatoriai-tepalines-dregmes-surinkejai","8":"product_tag-geko-lenkija","10":"first","11":"outofstock","12":"purchasable","13":"product-type-simple"},"jetpack_sharing_enabled":true,"_links":{"self":[{"href":"https:\/\/irankiuzona.lt\/ru\/wp-json\/wp\/v2\/product\/402251","targetHints":{"allow":["GET"]}}],"collection":[{"href":"https:\/\/irankiuzona.lt\/ru\/wp-json\/wp\/v2\/product"}],"about":[{"href":"https:\/\/irankiuzona.lt\/ru\/wp-json\/wp\/v2\/types\/product"}],"replies":[{"embeddable":true,"href":"https:\/\/irankiuzona.lt\/ru\/wp-json\/wp\/v2\/comments?post=402251"}],"version-history":[{"count":1,"href":"https:\/\/irankiuzona.lt\/ru\/wp-json\/wp\/v2\/product\/402251\/revisions"}],"predecessor-version":[{"id":423682,"href":"https:\/\/irankiuzona.lt\/ru\/wp-json\/wp\/v2\/product\/402251\/revisions\/423682"}],"wp:featuredmedia":[{"embeddable":true,"href":"https:\/\/irankiuzona.lt\/ru\/wp-json\/wp\/v2\/media\/265675"}],"wp:attachment":[{"href":"https:\/\/irankiuzona.lt\/ru\/wp-json\/wp\/v2\/media?parent=402251"}],"wp:term":[{"taxonomy":"product_cat","embeddable":true,"href":"https:\/\/irankiuzona.lt\/ru\/wp-json\/wp\/v2\/product_cat?post=402251"},{"taxonomy":"product_tag","embeddable":true,"href":"https:\/\/irankiuzona.lt\/ru\/wp-json\/wp\/v2\/product_tag?post=402251"}],"curies":[{"name":"wp","href":"https:\/\/api.w.org\/{rel}","templated":true}]}}