{"id":402263,"date":"2025-05-12T17:57:45","date_gmt":"2025-05-12T17:57:45","guid":{"rendered":"https:\/\/irankiuzona.lt\/product\/paieskos-magnetas-dvipusis-85kg20m-virve-2\/"},"modified":"2026-04-17T11:45:43","modified_gmt":"2026-04-17T11:45:43","slug":"paieskos-magnetas-dvipusis-85kg20m-virve-2","status":"publish","type":"product","link":"https:\/\/irankiuzona.lt\/ru\/product\/paieskos-magnetas-dvipusis-85kg20m-virve-2\/","title":{"rendered":"Paie\u0161kos magnetas dvipusis 85kg+20m virv\u0117"},"content":{"rendered":"<p>Rinkinyje:<br \/>\nMagnetas 85kg 1vntVar\u017etas &#8211; kilpa 2vntKarabinas 1vntVirv\u0117 20 metr\u0173<\/p>","protected":false},"excerpt":{"rendered":"<p>Paie\u0161kos magnetas dvipusis 85kg+20m virv\u0117<\/p>","protected":false},"featured_media":266688,"comment_status":"open","ping_status":"open","template":"","meta":[],"product_cat":[10124],"product_tag":[9810],"class_list":{"0":"post-402263","1":"product","2":"type-product","3":"status-publish","4":"has-post-thumbnail","6":"product_brand-geko-lenkija","7":"product_cat-medzio-metalo-ir-betono-apdirbimo-irankiai","8":"product_tag-geko-lenkija","10":"first","11":"instock","12":"purchasable","13":"product-type-simple"},"jetpack_sharing_enabled":true,"_links":{"self":[{"href":"https:\/\/irankiuzona.lt\/ru\/wp-json\/wp\/v2\/product\/402263","targetHints":{"allow":["GET"]}}],"collection":[{"href":"https:\/\/irankiuzona.lt\/ru\/wp-json\/wp\/v2\/product"}],"about":[{"href":"https:\/\/irankiuzona.lt\/ru\/wp-json\/wp\/v2\/types\/product"}],"replies":[{"embeddable":true,"href":"https:\/\/irankiuzona.lt\/ru\/wp-json\/wp\/v2\/comments?post=402263"}],"version-history":[{"count":1,"href":"https:\/\/irankiuzona.lt\/ru\/wp-json\/wp\/v2\/product\/402263\/revisions"}],"predecessor-version":[{"id":424025,"href":"https:\/\/irankiuzona.lt\/ru\/wp-json\/wp\/v2\/product\/402263\/revisions\/424025"}],"wp:featuredmedia":[{"embeddable":true,"href":"https:\/\/irankiuzona.lt\/ru\/wp-json\/wp\/v2\/media\/266688"}],"wp:attachment":[{"href":"https:\/\/irankiuzona.lt\/ru\/wp-json\/wp\/v2\/media?parent=402263"}],"wp:term":[{"taxonomy":"product_cat","embeddable":true,"href":"https:\/\/irankiuzona.lt\/ru\/wp-json\/wp\/v2\/product_cat?post=402263"},{"taxonomy":"product_tag","embeddable":true,"href":"https:\/\/irankiuzona.lt\/ru\/wp-json\/wp\/v2\/product_tag?post=402263"}],"curies":[{"name":"wp","href":"https:\/\/api.w.org\/{rel}","templated":true}]}}