{"id":402327,"date":"2025-05-12T18:21:16","date_gmt":"2025-05-12T18:21:16","guid":{"rendered":"https:\/\/irankiuzona.lt\/product\/elektriko-zirkles-140mm-2\/"},"modified":"2026-04-15T00:59:49","modified_gmt":"2026-04-15T00:59:49","slug":"elektriko-zirkles-140mm-2","status":"publish","type":"product","link":"https:\/\/irankiuzona.lt\/ru\/product\/elektriko-zirkles-140mm-2\/","title":{"rendered":"Elektriko \u017eirkl\u0117s 140mm"},"content":{"rendered":"<p>Technin\u0117s specifikacijos<br \/>\nA\u0161menys: 2Cr13 ner\u016bdijantis plienasA\u0161men\u0173 storis: 1,6 mmVisas ilgis: 140 mmRankenos med\u017eiaga: PP (polipropilenas) ir TPR (termoplastin\u0117 guma)\u017dirkl\u0117s skirtos izoliacijos, laid\u0173, plon\u0173 kabeli\u0173, metalo lak\u0161t\u0173, plastik\u0173, odos ir kt. pjovimui.<\/p>","protected":false},"excerpt":{"rendered":"<p>Elektriko \u017eirkl\u0117s 140mm<\/p>","protected":false},"featured_media":298450,"comment_status":"open","ping_status":"open","template":"","meta":[],"product_cat":[9892],"product_tag":[9810],"class_list":{"0":"post-402327","1":"product","2":"type-product","3":"status-publish","4":"has-post-thumbnail","6":"product_brand-geko-lenkija","7":"product_cat-kiti-irankiai-elektrikui","8":"product_tag-geko-lenkija","10":"first","11":"instock","12":"purchasable","13":"product-type-simple"},"jetpack_sharing_enabled":true,"_links":{"self":[{"href":"https:\/\/irankiuzona.lt\/ru\/wp-json\/wp\/v2\/product\/402327","targetHints":{"allow":["GET"]}}],"collection":[{"href":"https:\/\/irankiuzona.lt\/ru\/wp-json\/wp\/v2\/product"}],"about":[{"href":"https:\/\/irankiuzona.lt\/ru\/wp-json\/wp\/v2\/types\/product"}],"replies":[{"embeddable":true,"href":"https:\/\/irankiuzona.lt\/ru\/wp-json\/wp\/v2\/comments?post=402327"}],"version-history":[{"count":1,"href":"https:\/\/irankiuzona.lt\/ru\/wp-json\/wp\/v2\/product\/402327\/revisions"}],"predecessor-version":[{"id":425131,"href":"https:\/\/irankiuzona.lt\/ru\/wp-json\/wp\/v2\/product\/402327\/revisions\/425131"}],"wp:featuredmedia":[{"embeddable":true,"href":"https:\/\/irankiuzona.lt\/ru\/wp-json\/wp\/v2\/media\/298450"}],"wp:attachment":[{"href":"https:\/\/irankiuzona.lt\/ru\/wp-json\/wp\/v2\/media?parent=402327"}],"wp:term":[{"taxonomy":"product_cat","embeddable":true,"href":"https:\/\/irankiuzona.lt\/ru\/wp-json\/wp\/v2\/product_cat?post=402327"},{"taxonomy":"product_tag","embeddable":true,"href":"https:\/\/irankiuzona.lt\/ru\/wp-json\/wp\/v2\/product_tag?post=402327"}],"curies":[{"name":"wp","href":"https:\/\/api.w.org\/{rel}","templated":true}]}}