{"id":402331,"date":"2025-05-12T18:21:29","date_gmt":"2025-05-12T18:21:29","guid":{"rendered":"https:\/\/irankiuzona.lt\/product\/zirkles-universalios-140mm-2\/"},"modified":"2026-04-21T17:58:32","modified_gmt":"2026-04-21T17:58:32","slug":"zirkles-universalios-140mm-2","status":"publish","type":"product","link":"https:\/\/irankiuzona.lt\/ru\/product\/zirkles-universalios-140mm-2\/","title":{"rendered":"\u017dirkl\u0117s universalios 140mm"},"content":{"rendered":"<p>Technin\u0117s specifikacijos:<br \/>\nA\u0161menys: 2Cr13 ner\u016bdijantis plienasVisas ilgis: 140 mmRankenos med\u017eiaga: PP (polipropilenas) ir TPR (termoplastin\u0117 guma)<\/p>","protected":false},"excerpt":{"rendered":"<p>\u017dirkl\u0117s universalios 140mm<\/p>","protected":false},"featured_media":298472,"comment_status":"open","ping_status":"open","template":"","meta":[],"product_cat":[10157],"product_tag":[9810],"class_list":{"0":"post-402331","1":"product","2":"type-product","3":"status-publish","4":"has-post-thumbnail","6":"product_brand-geko-lenkija","7":"product_cat-zirkles-kirpimui","8":"product_tag-geko-lenkija","10":"first","11":"instock","12":"purchasable","13":"product-type-simple"},"jetpack_sharing_enabled":true,"_links":{"self":[{"href":"https:\/\/irankiuzona.lt\/ru\/wp-json\/wp\/v2\/product\/402331","targetHints":{"allow":["GET"]}}],"collection":[{"href":"https:\/\/irankiuzona.lt\/ru\/wp-json\/wp\/v2\/product"}],"about":[{"href":"https:\/\/irankiuzona.lt\/ru\/wp-json\/wp\/v2\/types\/product"}],"replies":[{"embeddable":true,"href":"https:\/\/irankiuzona.lt\/ru\/wp-json\/wp\/v2\/comments?post=402331"}],"version-history":[{"count":1,"href":"https:\/\/irankiuzona.lt\/ru\/wp-json\/wp\/v2\/product\/402331\/revisions"}],"predecessor-version":[{"id":425139,"href":"https:\/\/irankiuzona.lt\/ru\/wp-json\/wp\/v2\/product\/402331\/revisions\/425139"}],"wp:featuredmedia":[{"embeddable":true,"href":"https:\/\/irankiuzona.lt\/ru\/wp-json\/wp\/v2\/media\/298472"}],"wp:attachment":[{"href":"https:\/\/irankiuzona.lt\/ru\/wp-json\/wp\/v2\/media?parent=402331"}],"wp:term":[{"taxonomy":"product_cat","embeddable":true,"href":"https:\/\/irankiuzona.lt\/ru\/wp-json\/wp\/v2\/product_cat?post=402331"},{"taxonomy":"product_tag","embeddable":true,"href":"https:\/\/irankiuzona.lt\/ru\/wp-json\/wp\/v2\/product_tag?post=402331"}],"curies":[{"name":"wp","href":"https:\/\/api.w.org\/{rel}","templated":true}]}}