{"id":402373,"date":"2025-05-12T18:39:20","date_gmt":"2025-05-12T18:39:20","guid":{"rendered":"https:\/\/irankiuzona.lt\/product\/kniediklis-greztuvui-srieginems-kniedems-plieninem-kniedems-m3-m12-24mm-64mm-2\/"},"modified":"2026-04-21T15:01:58","modified_gmt":"2026-04-21T15:01:58","slug":"kniediklis-greztuvui-srieginems-kniedems-plieninem-kniedems-m3-m12-24mm-64mm-2","status":"publish","type":"product","link":"https:\/\/irankiuzona.lt\/ru\/product\/kniediklis-greztuvui-srieginems-kniedems-plieninem-kniedems-m3-m12-24mm-64mm-2\/","title":{"rendered":"Kniediklis gr\u0119\u017etuvui &#8211; sriegin\u0117ms knied\u0117ms + plienin\u0117m knied\u0117ms M3-M12 \/ 2,4mm-6,4mm"},"content":{"rendered":"<p>Knied\u0117s ilgis: 170 mmSriegin\u0117ms knied\u0117ms: M3, M4, M5, M6, M8, M10, M12Knied\u0117ms: 2,4mm, 3,2mm, 4,0mm, 4,8mm, 6,0mm, 6,4mm Tinka knied\u017ei\u0173 ver\u017el\u0117ms: aliuminio, vario, plieno, ner\u016bdijan\u010dio plienoReikalingo sukimo momento diapazonas: 2\u201322 Nm (priklauso nuo knied\u0117s dyd\u017eio ir med\u017eiagos)<\/p>","protected":false},"excerpt":{"rendered":"<p>Kniediklis gr\u0119\u017etuvui &#8211; sriegin\u0117ms knied\u0117ms + plienin\u0117m knied\u0117ms M3-M12 \/ 2,4mm-6,4mm<\/p>","protected":false},"featured_media":373905,"comment_status":"open","ping_status":"open","template":"","meta":[],"product_cat":[9982],"product_tag":[9810],"class_list":{"0":"post-402373","1":"product","2":"type-product","3":"status-publish","4":"has-post-thumbnail","6":"product_brand-geko-lenkija","7":"product_cat-kniedikliai-suktuvui-greztuvui","8":"product_tag-geko-lenkija","10":"first","11":"outofstock","12":"purchasable","13":"product-type-simple"},"jetpack_sharing_enabled":true,"_links":{"self":[{"href":"https:\/\/irankiuzona.lt\/ru\/wp-json\/wp\/v2\/product\/402373","targetHints":{"allow":["GET"]}}],"collection":[{"href":"https:\/\/irankiuzona.lt\/ru\/wp-json\/wp\/v2\/product"}],"about":[{"href":"https:\/\/irankiuzona.lt\/ru\/wp-json\/wp\/v2\/types\/product"}],"replies":[{"embeddable":true,"href":"https:\/\/irankiuzona.lt\/ru\/wp-json\/wp\/v2\/comments?post=402373"}],"version-history":[{"count":1,"href":"https:\/\/irankiuzona.lt\/ru\/wp-json\/wp\/v2\/product\/402373\/revisions"}],"predecessor-version":[{"id":426032,"href":"https:\/\/irankiuzona.lt\/ru\/wp-json\/wp\/v2\/product\/402373\/revisions\/426032"}],"wp:featuredmedia":[{"embeddable":true,"href":"https:\/\/irankiuzona.lt\/ru\/wp-json\/wp\/v2\/media\/373905"}],"wp:attachment":[{"href":"https:\/\/irankiuzona.lt\/ru\/wp-json\/wp\/v2\/media?parent=402373"}],"wp:term":[{"taxonomy":"product_cat","embeddable":true,"href":"https:\/\/irankiuzona.lt\/ru\/wp-json\/wp\/v2\/product_cat?post=402373"},{"taxonomy":"product_tag","embeddable":true,"href":"https:\/\/irankiuzona.lt\/ru\/wp-json\/wp\/v2\/product_tag?post=402373"}],"curies":[{"name":"wp","href":"https:\/\/api.w.org\/{rel}","templated":true}]}}