{"id":402389,"date":"2025-05-12T18:39:56","date_gmt":"2025-05-12T18:39:56","guid":{"rendered":"https:\/\/irankiuzona.lt\/product\/elektrine-pompa-tepalui-dyzelinui-12v-51mm-4m-pistoletas-2\/"},"modified":"2026-05-15T07:43:02","modified_gmt":"2026-05-15T07:43:02","slug":"elektrine-pompa-tepalui-dyzelinui-12v-51mm-4m-pistoletas-2","status":"publish","type":"product","link":"https:\/\/irankiuzona.lt\/ru\/product\/elektrine-pompa-tepalui-dyzelinui-12v-51mm-4m-pistoletas-2\/","title":{"rendered":"Elektrin\u0117 pompa tepalui dyzelinui 12V 51mm\/4m + pistoletas"},"content":{"rendered":"<p>\u012etampa: 12VGalia: 70WMax. k\u0117limo auk\u0161tis: 3mJungties skersmuo: 51mmKabelio ilgis: 4mNa\u0161umas: 30l\/min\u012ejungimo\/i\u0161jungimo jungiklis elektros kabelyjeKomplektas su alyvos pistoletuSiurblio apatinis filtras<\/p>","protected":false},"excerpt":{"rendered":"<p>Pompa dyzelinui tepalui 12V 51mm+4m +pistoletas<\/p>","protected":false},"featured_media":374132,"comment_status":"open","ping_status":"open","template":"","meta":[],"product_cat":[9571],"product_tag":[9810],"class_list":{"0":"post-402389","1":"product","2":"type-product","3":"status-publish","4":"has-post-thumbnail","6":"product_brand-geko-lenkija","7":"product_cat-pompos-alyvai-degalams-sifonai","8":"product_tag-geko-lenkija","10":"first","11":"outofstock","12":"purchasable","13":"product-type-simple"},"jetpack_sharing_enabled":true,"_links":{"self":[{"href":"https:\/\/irankiuzona.lt\/ru\/wp-json\/wp\/v2\/product\/402389","targetHints":{"allow":["GET"]}}],"collection":[{"href":"https:\/\/irankiuzona.lt\/ru\/wp-json\/wp\/v2\/product"}],"about":[{"href":"https:\/\/irankiuzona.lt\/ru\/wp-json\/wp\/v2\/types\/product"}],"replies":[{"embeddable":true,"href":"https:\/\/irankiuzona.lt\/ru\/wp-json\/wp\/v2\/comments?post=402389"}],"version-history":[{"count":1,"href":"https:\/\/irankiuzona.lt\/ru\/wp-json\/wp\/v2\/product\/402389\/revisions"}],"predecessor-version":[{"id":426060,"href":"https:\/\/irankiuzona.lt\/ru\/wp-json\/wp\/v2\/product\/402389\/revisions\/426060"}],"wp:featuredmedia":[{"embeddable":true,"href":"https:\/\/irankiuzona.lt\/ru\/wp-json\/wp\/v2\/media\/374132"}],"wp:attachment":[{"href":"https:\/\/irankiuzona.lt\/ru\/wp-json\/wp\/v2\/media?parent=402389"}],"wp:term":[{"taxonomy":"product_cat","embeddable":true,"href":"https:\/\/irankiuzona.lt\/ru\/wp-json\/wp\/v2\/product_cat?post=402389"},{"taxonomy":"product_tag","embeddable":true,"href":"https:\/\/irankiuzona.lt\/ru\/wp-json\/wp\/v2\/product_tag?post=402389"}],"curies":[{"name":"wp","href":"https:\/\/api.w.org\/{rel}","templated":true}]}}