{"id":402461,"date":"2025-05-12T18:46:36","date_gmt":"2025-05-12T18:46:36","guid":{"rendered":"https:\/\/irankiuzona.lt\/product\/piltuvas-universalus-su-antgaliais\/"},"modified":"2026-05-06T22:00:47","modified_gmt":"2026-05-06T22:00:47","slug":"piltuvas-universalus-su-antgaliais","status":"publish","type":"product","link":"https:\/\/irankiuzona.lt\/ru\/product\/piltuvas-universalus-su-antgaliais\/","title":{"rendered":"Piltuvas universalus su antgaliais"},"content":{"rendered":"<p>Greitas ir paprastas b\u016bdas papildyti au\u0161inimo skyst\u012f pumpuojant au\u0161inimo sistem\u0105.Taikymas: Mitsubishi, Ford, Nissan, Mazda, Honda, Toyota, Suzuki, Ford, GM, Chrysler.<\/p>","protected":false},"excerpt":{"rendered":"<p>Piltuvas universalus su antgaliais<\/p>","protected":false},"featured_media":402463,"comment_status":"open","ping_status":"open","template":"","meta":[],"product_cat":[9563],"product_tag":[10151],"class_list":{"0":"post-402461","1":"product","2":"type-product","3":"status-publish","4":"has-post-thumbnail","6":"product_brand-lenkija-tiekejas","7":"product_cat-irankiai-ausinimo-sistemai","8":"product_tag-lenkija-tiekejas","10":"first","11":"instock","12":"purchasable","13":"product-type-simple"},"jetpack_sharing_enabled":true,"_links":{"self":[{"href":"https:\/\/irankiuzona.lt\/ru\/wp-json\/wp\/v2\/product\/402461","targetHints":{"allow":["GET"]}}],"collection":[{"href":"https:\/\/irankiuzona.lt\/ru\/wp-json\/wp\/v2\/product"}],"about":[{"href":"https:\/\/irankiuzona.lt\/ru\/wp-json\/wp\/v2\/types\/product"}],"replies":[{"embeddable":true,"href":"https:\/\/irankiuzona.lt\/ru\/wp-json\/wp\/v2\/comments?post=402461"}],"version-history":[{"count":1,"href":"https:\/\/irankiuzona.lt\/ru\/wp-json\/wp\/v2\/product\/402461\/revisions"}],"predecessor-version":[{"id":426399,"href":"https:\/\/irankiuzona.lt\/ru\/wp-json\/wp\/v2\/product\/402461\/revisions\/426399"}],"wp:featuredmedia":[{"embeddable":true,"href":"https:\/\/irankiuzona.lt\/ru\/wp-json\/wp\/v2\/media\/402463"}],"wp:attachment":[{"href":"https:\/\/irankiuzona.lt\/ru\/wp-json\/wp\/v2\/media?parent=402461"}],"wp:term":[{"taxonomy":"product_cat","embeddable":true,"href":"https:\/\/irankiuzona.lt\/ru\/wp-json\/wp\/v2\/product_cat?post=402461"},{"taxonomy":"product_tag","embeddable":true,"href":"https:\/\/irankiuzona.lt\/ru\/wp-json\/wp\/v2\/product_tag?post=402461"}],"curies":[{"name":"wp","href":"https:\/\/api.w.org\/{rel}","templated":true}]}}