{"id":402470,"date":"2025-05-12T18:46:41","date_gmt":"2025-05-12T18:46:41","guid":{"rendered":"https:\/\/irankiuzona.lt\/product\/sriegikliu-ir-graztu-komplektas-m3-m12-2-5-102mm\/"},"modified":"2026-04-12T00:29:26","modified_gmt":"2026-04-12T00:29:26","slug":"sriegikliu-ir-graztu-komplektas-m3-m12-2-5-102mm","status":"publish","type":"product","link":"https:\/\/irankiuzona.lt\/ru\/product\/sriegikliu-ir-graztu-komplektas-m3-m12-2-5-102mm\/","title":{"rendered":"Sriegikli\u0173 ir gr\u0105\u017et\u0173 komplektas  M3-M12\/ 2.5-10,2mm"},"content":{"rendered":"<p>Sriegikliai-M3x0,5; M4x0,7; M5x0,8; M6x1,0; M8x1,25; M10x1,5; M12x1,75; Gr\u0105\u017etai-2,5; 3,3; 4,2; 5,0; 6,8; 8,5; 10,2 mm.<\/p>","protected":false},"excerpt":{"rendered":"<p>Sriegikli\u0173 ir gr\u0105\u017et\u0173 komplektas\u00a0 M3-M12\/ 2.5-10,2mm<\/p>","protected":false},"featured_media":402472,"comment_status":"open","ping_status":"open","template":"","meta":[],"product_cat":[9546],"product_tag":[10137],"class_list":{"0":"post-402470","1":"product","2":"type-product","3":"status-publish","4":"has-post-thumbnail","6":"product_brand-beril","7":"product_cat-sriegikliu-ir-sriegpjoviu-komplektai","8":"product_tag-beril","10":"first","11":"instock","12":"purchasable","13":"product-type-simple"},"jetpack_sharing_enabled":true,"_links":{"self":[{"href":"https:\/\/irankiuzona.lt\/ru\/wp-json\/wp\/v2\/product\/402470","targetHints":{"allow":["GET"]}}],"collection":[{"href":"https:\/\/irankiuzona.lt\/ru\/wp-json\/wp\/v2\/product"}],"about":[{"href":"https:\/\/irankiuzona.lt\/ru\/wp-json\/wp\/v2\/types\/product"}],"replies":[{"embeddable":true,"href":"https:\/\/irankiuzona.lt\/ru\/wp-json\/wp\/v2\/comments?post=402470"}],"version-history":[{"count":1,"href":"https:\/\/irankiuzona.lt\/ru\/wp-json\/wp\/v2\/product\/402470\/revisions"}],"predecessor-version":[{"id":426402,"href":"https:\/\/irankiuzona.lt\/ru\/wp-json\/wp\/v2\/product\/402470\/revisions\/426402"}],"wp:featuredmedia":[{"embeddable":true,"href":"https:\/\/irankiuzona.lt\/ru\/wp-json\/wp\/v2\/media\/402472"}],"wp:attachment":[{"href":"https:\/\/irankiuzona.lt\/ru\/wp-json\/wp\/v2\/media?parent=402470"}],"wp:term":[{"taxonomy":"product_cat","embeddable":true,"href":"https:\/\/irankiuzona.lt\/ru\/wp-json\/wp\/v2\/product_cat?post=402470"},{"taxonomy":"product_tag","embeddable":true,"href":"https:\/\/irankiuzona.lt\/ru\/wp-json\/wp\/v2\/product_tag?post=402470"}],"curies":[{"name":"wp","href":"https:\/\/api.w.org\/{rel}","templated":true}]}}