{"id":402473,"date":"2025-05-12T18:46:44","date_gmt":"2025-05-12T18:46:44","guid":{"rendered":"https:\/\/irankiuzona.lt\/product\/variklio-tepalo-uzpildymo-komplektas-su-adapteriais-2\/"},"modified":"2026-04-14T17:56:32","modified_gmt":"2026-04-14T17:56:32","slug":"variklio-tepalo-uzpildymo-komplektas-su-adapteriais-2","status":"publish","type":"product","link":"https:\/\/irankiuzona.lt\/ru\/product\/variklio-tepalo-uzpildymo-komplektas-su-adapteriais-2\/","title":{"rendered":"Variklio tepalo u\u017epildymo komplektas su adapteriais"},"content":{"rendered":"<p>Itin \u0161variam, tiksliam ir kokybi\u0161kam darbui! Tepalo u\u017epildymui skirti adapteriai su piltuvu.Universalus alyvos pildymo rinkinys, 1 vnt, piltuvas 2 l.1 vnt. kampinis plastikinis ilgintuvas.1 vnt bajonetinis adapteris Audi, BMW, Dodge.Vienpusis M42x4.5 adapteris, skirtas Subaru.1 srauto adapteris M37x3.0, skirtas Toyota, Lexus.Vienpusis adapteris M35x4.0, skirtas Mazda.M32x3.5 vienos krypties adapteris, skirtas Dodge, Honda.Acura, Nissan, Jaguar, Ford.1 vnt. Bajoneto adapteris Toyota ir Lexus su.3.0L V6 varikliai.<\/p>","protected":false},"excerpt":{"rendered":"<p>Variklio tepalo u\u017epildymo komplektas su adapteriais<\/p>","protected":false},"featured_media":402475,"comment_status":"open","ping_status":"open","template":"","meta":[],"product_cat":[10031],"product_tag":[10151],"class_list":{"0":"post-402473","1":"product","2":"type-product","3":"status-publish","4":"has-post-thumbnail","6":"product_brand-lenkija-tiekejas","7":"product_cat-tepalo-uzpildymo-surinkimo-iranga-talpos-tepalams","8":"product_tag-lenkija-tiekejas","10":"first","11":"outofstock","12":"purchasable","13":"product-type-simple"},"jetpack_sharing_enabled":true,"_links":{"self":[{"href":"https:\/\/irankiuzona.lt\/ru\/wp-json\/wp\/v2\/product\/402473","targetHints":{"allow":["GET"]}}],"collection":[{"href":"https:\/\/irankiuzona.lt\/ru\/wp-json\/wp\/v2\/product"}],"about":[{"href":"https:\/\/irankiuzona.lt\/ru\/wp-json\/wp\/v2\/types\/product"}],"replies":[{"embeddable":true,"href":"https:\/\/irankiuzona.lt\/ru\/wp-json\/wp\/v2\/comments?post=402473"}],"version-history":[{"count":1,"href":"https:\/\/irankiuzona.lt\/ru\/wp-json\/wp\/v2\/product\/402473\/revisions"}],"predecessor-version":[{"id":426403,"href":"https:\/\/irankiuzona.lt\/ru\/wp-json\/wp\/v2\/product\/402473\/revisions\/426403"}],"wp:featuredmedia":[{"embeddable":true,"href":"https:\/\/irankiuzona.lt\/ru\/wp-json\/wp\/v2\/media\/402475"}],"wp:attachment":[{"href":"https:\/\/irankiuzona.lt\/ru\/wp-json\/wp\/v2\/media?parent=402473"}],"wp:term":[{"taxonomy":"product_cat","embeddable":true,"href":"https:\/\/irankiuzona.lt\/ru\/wp-json\/wp\/v2\/product_cat?post=402473"},{"taxonomy":"product_tag","embeddable":true,"href":"https:\/\/irankiuzona.lt\/ru\/wp-json\/wp\/v2\/product_tag?post=402473"}],"curies":[{"name":"wp","href":"https:\/\/api.w.org\/{rel}","templated":true}]}}