{"id":402488,"date":"2025-05-12T18:47:11","date_gmt":"2025-05-12T18:47:11","guid":{"rendered":"https:\/\/irankiuzona.lt\/product\/l-formos-lenktuprailgintu-6-kampiu-hex-komplektas-4\/"},"modified":"2026-04-05T07:24:33","modified_gmt":"2026-04-05T07:24:33","slug":"l-formos-lenktuprailgintu-6-kampiu-hex-komplektas-4","status":"publish","type":"product","link":"https:\/\/irankiuzona.lt\/ru\/product\/l-formos-lenktuprailgintu-6-kampiu-hex-komplektas-4\/","title":{"rendered":"L-formos lenkt\u0173,prailgint\u0173 6-kampi\u0173 HEX komplektas"},"content":{"rendered":"<p>Komplekte:3,0; 4,0; 5,0; 6,0; 7,0; 8,0; 10,0; 12,0 \u043c\u043c<\/p>","protected":false},"excerpt":{"rendered":"<p>L-formos lenkt\u0173,prailgint\u0173 6-kampi\u0173 HEX komplektas<\/p>","protected":false},"featured_media":402490,"comment_status":"open","ping_status":"open","template":"","meta":[],"product_cat":[9560],"product_tag":[9898],"class_list":{"0":"post-402488","1":"product","2":"type-product","3":"status-publish","4":"has-post-thumbnail","6":"product_brand-avtodelo","7":"product_cat-l-formos-torx-ir-hex-raktu-komplektai","8":"product_tag-avtodelo","10":"first","11":"outofstock","12":"purchasable","13":"product-type-simple"},"jetpack_sharing_enabled":true,"_links":{"self":[{"href":"https:\/\/irankiuzona.lt\/ru\/wp-json\/wp\/v2\/product\/402488","targetHints":{"allow":["GET"]}}],"collection":[{"href":"https:\/\/irankiuzona.lt\/ru\/wp-json\/wp\/v2\/product"}],"about":[{"href":"https:\/\/irankiuzona.lt\/ru\/wp-json\/wp\/v2\/types\/product"}],"replies":[{"embeddable":true,"href":"https:\/\/irankiuzona.lt\/ru\/wp-json\/wp\/v2\/comments?post=402488"}],"version-history":[{"count":0,"href":"https:\/\/irankiuzona.lt\/ru\/wp-json\/wp\/v2\/product\/402488\/revisions"}],"wp:featuredmedia":[{"embeddable":true,"href":"https:\/\/irankiuzona.lt\/ru\/wp-json\/wp\/v2\/media\/402490"}],"wp:attachment":[{"href":"https:\/\/irankiuzona.lt\/ru\/wp-json\/wp\/v2\/media?parent=402488"}],"wp:term":[{"taxonomy":"product_cat","embeddable":true,"href":"https:\/\/irankiuzona.lt\/ru\/wp-json\/wp\/v2\/product_cat?post=402488"},{"taxonomy":"product_tag","embeddable":true,"href":"https:\/\/irankiuzona.lt\/ru\/wp-json\/wp\/v2\/product_tag?post=402488"}],"curies":[{"name":"wp","href":"https:\/\/api.w.org\/{rel}","templated":true}]}}