{"id":402491,"date":"2025-05-12T18:49:33","date_gmt":"2025-05-12T18:49:33","guid":{"rendered":"https:\/\/irankiuzona.lt\/product\/vairo-traukiu-nuemejas-33-42mm-2\/"},"modified":"2026-04-04T23:36:31","modified_gmt":"2026-04-04T23:36:31","slug":"vairo-traukiu-nuemejas-33-42mm-2","status":"publish","type":"product","link":"https:\/\/irankiuzona.lt\/ru\/product\/vairo-traukiu-nuemejas-33-42mm-2\/","title":{"rendered":"Vairo trauki\u0173 nu\u0117m\u0117jas 33-42mm"},"content":{"rendered":"<p>1\/2&#8221;\u00d833-42 mm.<\/p>","protected":false},"excerpt":{"rendered":"<p>Vairo trauki\u0173 nu\u0117m\u0117jas 33-42mm<\/p>","protected":false},"featured_media":402493,"comment_status":"open","ping_status":"open","template":"","meta":[],"product_cat":[9528],"product_tag":[10151],"class_list":{"0":"post-402491","1":"product","2":"type-product","3":"status-publish","4":"has-post-thumbnail","6":"product_brand-lenkija-tiekejas","7":"product_cat-vairo-traukiu-irankiai","8":"product_tag-lenkija-tiekejas","10":"first","11":"instock","12":"purchasable","13":"product-type-simple"},"jetpack_sharing_enabled":true,"_links":{"self":[{"href":"https:\/\/irankiuzona.lt\/ru\/wp-json\/wp\/v2\/product\/402491","targetHints":{"allow":["GET"]}}],"collection":[{"href":"https:\/\/irankiuzona.lt\/ru\/wp-json\/wp\/v2\/product"}],"about":[{"href":"https:\/\/irankiuzona.lt\/ru\/wp-json\/wp\/v2\/types\/product"}],"replies":[{"embeddable":true,"href":"https:\/\/irankiuzona.lt\/ru\/wp-json\/wp\/v2\/comments?post=402491"}],"version-history":[{"count":0,"href":"https:\/\/irankiuzona.lt\/ru\/wp-json\/wp\/v2\/product\/402491\/revisions"}],"wp:featuredmedia":[{"embeddable":true,"href":"https:\/\/irankiuzona.lt\/ru\/wp-json\/wp\/v2\/media\/402493"}],"wp:attachment":[{"href":"https:\/\/irankiuzona.lt\/ru\/wp-json\/wp\/v2\/media?parent=402491"}],"wp:term":[{"taxonomy":"product_cat","embeddable":true,"href":"https:\/\/irankiuzona.lt\/ru\/wp-json\/wp\/v2\/product_cat?post=402491"},{"taxonomy":"product_tag","embeddable":true,"href":"https:\/\/irankiuzona.lt\/ru\/wp-json\/wp\/v2\/product_tag?post=402491"}],"curies":[{"name":"wp","href":"https:\/\/api.w.org\/{rel}","templated":true}]}}