{"id":402555,"date":"2025-05-12T18:50:29","date_gmt":"2025-05-12T18:50:29","guid":{"rendered":"https:\/\/irankiuzona.lt\/product\/gelezciu-komplektas-tiesiniam-pjuklui-28vnt-2\/"},"modified":"2026-05-06T20:15:16","modified_gmt":"2026-05-06T20:15:16","slug":"gelezciu-komplektas-tiesiniam-pjuklui-28vnt-2","status":"publish","type":"product","link":"https:\/\/irankiuzona.lt\/ru\/product\/gelezciu-komplektas-tiesiniam-pjuklui-28vnt-2\/","title":{"rendered":"Gele\u017e\u010di\u0173 komplektas tiesiniam pj\u016bklui 28vnt."},"content":{"rendered":"<p>4 metalo pjovimo gele\u017et\u0117s 14 TPI &#8211; 4&quot;4 metalo pjovimo gele\u017et\u0117s 24 TPI &#8211; 4&quot;4 metalo pjovimo gele\u017et\u0117s 18 TPI &#8211; 6&quot;4 x 7 TPI medienos pjovimo gele\u017et\u0117s &#8211; 6&quot;4 x 7 TPI medienos pjovimo gele\u017et\u0117s &#8211; 8&quot;4 x 6 TPI medienos pjovimo gele\u017et\u0117s &#8211; 9&quot;4 x 6 TPI medienos pjovimo gele\u017et\u0117s &#8211; 12&quot;<\/p>","protected":false},"excerpt":{"rendered":"<p>Gele\u017e\u010di\u0173 komplektas tiesiniam pj\u016bklui 28vnt.<\/p>","protected":false},"featured_media":401388,"comment_status":"open","ping_status":"open","template":"","meta":[],"product_cat":[9632],"product_tag":[9810],"class_list":{"0":"post-402555","1":"product","2":"type-product","3":"status-publish","4":"has-post-thumbnail","6":"product_brand-geko-lenkija","7":"product_cat-geleztes-metalui","8":"product_tag-geko-lenkija","10":"first","11":"instock","12":"purchasable","13":"product-type-simple"},"jetpack_sharing_enabled":true,"_links":{"self":[{"href":"https:\/\/irankiuzona.lt\/ru\/wp-json\/wp\/v2\/product\/402555","targetHints":{"allow":["GET"]}}],"collection":[{"href":"https:\/\/irankiuzona.lt\/ru\/wp-json\/wp\/v2\/product"}],"about":[{"href":"https:\/\/irankiuzona.lt\/ru\/wp-json\/wp\/v2\/types\/product"}],"replies":[{"embeddable":true,"href":"https:\/\/irankiuzona.lt\/ru\/wp-json\/wp\/v2\/comments?post=402555"}],"version-history":[{"count":1,"href":"https:\/\/irankiuzona.lt\/ru\/wp-json\/wp\/v2\/product\/402555\/revisions"}],"predecessor-version":[{"id":426596,"href":"https:\/\/irankiuzona.lt\/ru\/wp-json\/wp\/v2\/product\/402555\/revisions\/426596"}],"wp:featuredmedia":[{"embeddable":true,"href":"https:\/\/irankiuzona.lt\/ru\/wp-json\/wp\/v2\/media\/401388"}],"wp:attachment":[{"href":"https:\/\/irankiuzona.lt\/ru\/wp-json\/wp\/v2\/media?parent=402555"}],"wp:term":[{"taxonomy":"product_cat","embeddable":true,"href":"https:\/\/irankiuzona.lt\/ru\/wp-json\/wp\/v2\/product_cat?post=402555"},{"taxonomy":"product_tag","embeddable":true,"href":"https:\/\/irankiuzona.lt\/ru\/wp-json\/wp\/v2\/product_tag?post=402555"}],"curies":[{"name":"wp","href":"https:\/\/api.w.org\/{rel}","templated":true}]}}