{"id":402557,"date":"2025-05-12T18:50:31","date_gmt":"2025-05-12T18:50:31","guid":{"rendered":"https:\/\/irankiuzona.lt\/product\/reples-savarzom-215mm-2\/"},"modified":"2026-05-06T20:15:16","modified_gmt":"2026-05-06T20:15:16","slug":"reples-savarzom-215mm-2","status":"publish","type":"product","link":"https:\/\/irankiuzona.lt\/ru\/product\/reples-savarzom-215mm-2\/","title":{"rendered":"Repl\u0117s s\u0105var\u017eom 215mm"},"content":{"rendered":"<p>Visas ilgis: 215 mm<\/p>","protected":false},"excerpt":{"rendered":"<p>Repl\u0117s s\u0105var\u017eom 215mm<\/p>","protected":false},"featured_media":401391,"comment_status":"open","ping_status":"open","template":"","meta":[],"product_cat":[9563],"product_tag":[9810],"class_list":{"0":"post-402557","1":"product","2":"type-product","3":"status-publish","4":"has-post-thumbnail","6":"product_brand-geko-lenkija","7":"product_cat-irankiai-ausinimo-sistemai","8":"product_tag-geko-lenkija","10":"first","11":"instock","12":"purchasable","13":"product-type-simple"},"jetpack_sharing_enabled":true,"_links":{"self":[{"href":"https:\/\/irankiuzona.lt\/ru\/wp-json\/wp\/v2\/product\/402557","targetHints":{"allow":["GET"]}}],"collection":[{"href":"https:\/\/irankiuzona.lt\/ru\/wp-json\/wp\/v2\/product"}],"about":[{"href":"https:\/\/irankiuzona.lt\/ru\/wp-json\/wp\/v2\/types\/product"}],"replies":[{"embeddable":true,"href":"https:\/\/irankiuzona.lt\/ru\/wp-json\/wp\/v2\/comments?post=402557"}],"version-history":[{"count":1,"href":"https:\/\/irankiuzona.lt\/ru\/wp-json\/wp\/v2\/product\/402557\/revisions"}],"predecessor-version":[{"id":426597,"href":"https:\/\/irankiuzona.lt\/ru\/wp-json\/wp\/v2\/product\/402557\/revisions\/426597"}],"wp:featuredmedia":[{"embeddable":true,"href":"https:\/\/irankiuzona.lt\/ru\/wp-json\/wp\/v2\/media\/401391"}],"wp:attachment":[{"href":"https:\/\/irankiuzona.lt\/ru\/wp-json\/wp\/v2\/media?parent=402557"}],"wp:term":[{"taxonomy":"product_cat","embeddable":true,"href":"https:\/\/irankiuzona.lt\/ru\/wp-json\/wp\/v2\/product_cat?post=402557"},{"taxonomy":"product_tag","embeddable":true,"href":"https:\/\/irankiuzona.lt\/ru\/wp-json\/wp\/v2\/product_tag?post=402557"}],"curies":[{"name":"wp","href":"https:\/\/api.w.org\/{rel}","templated":true}]}}