{"id":402563,"date":"2025-05-12T18:50:41","date_gmt":"2025-05-12T18:50:41","guid":{"rendered":"https:\/\/irankiuzona.lt\/product\/universalus-tepalo-piltuvas-2\/"},"modified":"2026-05-10T08:16:16","modified_gmt":"2026-05-10T08:16:16","slug":"universalus-tepalo-piltuvas-2","status":"publish","type":"product","link":"https:\/\/irankiuzona.lt\/ru\/product\/universalus-tepalo-piltuvas-2\/","title":{"rendered":"Universalus tepalo piltuvas"},"content":{"rendered":"<p>Med\u017eiaga: nailonas, PPSkersmuo pla\u010diausioje vietoje: 125 mmSkersmuo siauriausioje vietoje: 20 mmVisas auk\u0161tis: 275 mm<\/p>","protected":false},"excerpt":{"rendered":"<p>Piltuvas su laikikliu<\/p>","protected":false},"featured_media":401409,"comment_status":"open","ping_status":"open","template":"","meta":[],"product_cat":[9687],"product_tag":[9810],"class_list":{"0":"post-402563","1":"product","2":"type-product","3":"status-publish","4":"has-post-thumbnail","6":"product_brand-geko-lenkija","7":"product_cat-indai-eksploataciniams-skysciams-piltuvai-tepalines","8":"product_tag-geko-lenkija","10":"first","11":"outofstock","12":"purchasable","13":"product-type-simple"},"jetpack_sharing_enabled":true,"_links":{"self":[{"href":"https:\/\/irankiuzona.lt\/ru\/wp-json\/wp\/v2\/product\/402563","targetHints":{"allow":["GET"]}}],"collection":[{"href":"https:\/\/irankiuzona.lt\/ru\/wp-json\/wp\/v2\/product"}],"about":[{"href":"https:\/\/irankiuzona.lt\/ru\/wp-json\/wp\/v2\/types\/product"}],"replies":[{"embeddable":true,"href":"https:\/\/irankiuzona.lt\/ru\/wp-json\/wp\/v2\/comments?post=402563"}],"version-history":[{"count":1,"href":"https:\/\/irankiuzona.lt\/ru\/wp-json\/wp\/v2\/product\/402563\/revisions"}],"predecessor-version":[{"id":426603,"href":"https:\/\/irankiuzona.lt\/ru\/wp-json\/wp\/v2\/product\/402563\/revisions\/426603"}],"wp:featuredmedia":[{"embeddable":true,"href":"https:\/\/irankiuzona.lt\/ru\/wp-json\/wp\/v2\/media\/401409"}],"wp:attachment":[{"href":"https:\/\/irankiuzona.lt\/ru\/wp-json\/wp\/v2\/media?parent=402563"}],"wp:term":[{"taxonomy":"product_cat","embeddable":true,"href":"https:\/\/irankiuzona.lt\/ru\/wp-json\/wp\/v2\/product_cat?post=402563"},{"taxonomy":"product_tag","embeddable":true,"href":"https:\/\/irankiuzona.lt\/ru\/wp-json\/wp\/v2\/product_tag?post=402563"}],"curies":[{"name":"wp","href":"https:\/\/api.w.org\/{rel}","templated":true}]}}