{"id":402660,"date":"2025-05-15T15:09:44","date_gmt":"2025-05-15T15:09:44","guid":{"rendered":"https:\/\/irankiuzona.lt\/product\/dyz-purkstuku-frezos-raiberiai-8daliu-2\/"},"modified":"2026-04-12T10:45:55","modified_gmt":"2026-04-12T10:45:55","slug":"dyz-purkstuku-frezos-raiberiai-8daliu-2","status":"publish","type":"product","link":"https:\/\/irankiuzona.lt\/ru\/product\/dyz-purkstuku-frezos-raiberiai-8daliu-2\/","title":{"rendered":"Dyz. purk\u0161tuk\u0173 frezos &#8211; raiberiai 8dali\u0173"},"content":{"rendered":"<p>Diesel Injector Seat Cutter SetThe set includes: &#8211; knob &#8211; guide &#8211; 15 mm flat, universal &#8211; 17 mm flat for: Delphi i Bosch (BMW, PSA, Renault, Ford) &#8211; 17 mm oblique: Fiat, Iveco, Ford &#8211; 19 mm flat: Bosch (Mercedes CDI) &#8211; 19 mm oblique: Fiat, Iveco<\/p>","protected":false},"excerpt":{"rendered":"<p>Dyz. purk\u0161tuk\u0173 frezos &#8211; raiberiai 8dali\u0173<\/p>","protected":false},"featured_media":296639,"comment_status":"open","ping_status":"open","template":"","meta":[],"product_cat":[9698],"product_tag":[9810],"class_list":{"0":"post-402660","1":"product","2":"type-product","3":"status-publish","4":"has-post-thumbnail","6":"product_brand-geko-lenkija","7":"product_cat-frezos-raiberiai-purkstukams","8":"product_tag-geko-lenkija","10":"first","11":"instock","12":"purchasable","13":"product-type-simple"},"jetpack_sharing_enabled":true,"_links":{"self":[{"href":"https:\/\/irankiuzona.lt\/ru\/wp-json\/wp\/v2\/product\/402660","targetHints":{"allow":["GET"]}}],"collection":[{"href":"https:\/\/irankiuzona.lt\/ru\/wp-json\/wp\/v2\/product"}],"about":[{"href":"https:\/\/irankiuzona.lt\/ru\/wp-json\/wp\/v2\/types\/product"}],"replies":[{"embeddable":true,"href":"https:\/\/irankiuzona.lt\/ru\/wp-json\/wp\/v2\/comments?post=402660"}],"version-history":[{"count":1,"href":"https:\/\/irankiuzona.lt\/ru\/wp-json\/wp\/v2\/product\/402660\/revisions"}],"predecessor-version":[{"id":417973,"href":"https:\/\/irankiuzona.lt\/ru\/wp-json\/wp\/v2\/product\/402660\/revisions\/417973"}],"wp:featuredmedia":[{"embeddable":true,"href":"https:\/\/irankiuzona.lt\/ru\/wp-json\/wp\/v2\/media\/296639"}],"wp:attachment":[{"href":"https:\/\/irankiuzona.lt\/ru\/wp-json\/wp\/v2\/media?parent=402660"}],"wp:term":[{"taxonomy":"product_cat","embeddable":true,"href":"https:\/\/irankiuzona.lt\/ru\/wp-json\/wp\/v2\/product_cat?post=402660"},{"taxonomy":"product_tag","embeddable":true,"href":"https:\/\/irankiuzona.lt\/ru\/wp-json\/wp\/v2\/product_tag?post=402660"}],"curies":[{"name":"wp","href":"https:\/\/api.w.org\/{rel}","templated":true}]}}