{"id":402662,"date":"2025-05-15T15:09:46","date_gmt":"2025-05-15T15:09:46","guid":{"rendered":"https:\/\/irankiuzona.lt\/product\/purkstuku-tikrinimo-stendas-2\/"},"modified":"2026-04-12T08:14:21","modified_gmt":"2026-04-12T08:14:21","slug":"purkstuku-tikrinimo-stendas-2","status":"publish","type":"product","link":"https:\/\/irankiuzona.lt\/ru\/product\/purkstuku-tikrinimo-stendas-2\/","title":{"rendered":"Purk\u0161tuk\u0173 tikrinimo stendas"},"content":{"rendered":"<p>Testeris buvo sukurtas modifikuoti ir kalibruoti \u012fpur\u0161kimo sl\u0117g\u012f,pur\u0161kimo kokyb\u0119, \u012fpur\u0161kimo kamp\u0105 ir dyzelino vo\u017etuv\u0173 sandariklius,kad b\u016bt\u0173 u\u017etikrintas tobulas variklio darbas ir ekonomi\u0161kas darbas.Testavimo prietaisas skirtas dyzelini\u0173 varikli\u0173 purk\u0161tuk\u0173 i\u0161pur\u0161kimo sl\u0117gio tikrinimui.<\/p>","protected":false},"excerpt":{"rendered":"<p>Purk\u0161tuk\u0173 tikrinimo stendas<\/p>","protected":false},"featured_media":296642,"comment_status":"open","ping_status":"open","template":"","meta":[],"product_cat":[9700],"product_tag":[9810],"class_list":{"0":"post-402662","1":"product","2":"type-product","3":"status-publish","4":"has-post-thumbnail","6":"product_brand-geko-lenkija","7":"product_cat-dyzeliniu-purkstuku-diagnostika","8":"product_tag-geko-lenkija","10":"first","11":"outofstock","12":"purchasable","13":"product-type-simple"},"jetpack_sharing_enabled":true,"_links":{"self":[{"href":"https:\/\/irankiuzona.lt\/ru\/wp-json\/wp\/v2\/product\/402662","targetHints":{"allow":["GET"]}}],"collection":[{"href":"https:\/\/irankiuzona.lt\/ru\/wp-json\/wp\/v2\/product"}],"about":[{"href":"https:\/\/irankiuzona.lt\/ru\/wp-json\/wp\/v2\/types\/product"}],"replies":[{"embeddable":true,"href":"https:\/\/irankiuzona.lt\/ru\/wp-json\/wp\/v2\/comments?post=402662"}],"version-history":[{"count":1,"href":"https:\/\/irankiuzona.lt\/ru\/wp-json\/wp\/v2\/product\/402662\/revisions"}],"predecessor-version":[{"id":417974,"href":"https:\/\/irankiuzona.lt\/ru\/wp-json\/wp\/v2\/product\/402662\/revisions\/417974"}],"wp:featuredmedia":[{"embeddable":true,"href":"https:\/\/irankiuzona.lt\/ru\/wp-json\/wp\/v2\/media\/296642"}],"wp:attachment":[{"href":"https:\/\/irankiuzona.lt\/ru\/wp-json\/wp\/v2\/media?parent=402662"}],"wp:term":[{"taxonomy":"product_cat","embeddable":true,"href":"https:\/\/irankiuzona.lt\/ru\/wp-json\/wp\/v2\/product_cat?post=402662"},{"taxonomy":"product_tag","embeddable":true,"href":"https:\/\/irankiuzona.lt\/ru\/wp-json\/wp\/v2\/product_tag?post=402662"}],"curies":[{"name":"wp","href":"https:\/\/api.w.org\/{rel}","templated":true}]}}