{"id":402666,"date":"2025-05-15T15:09:49","date_gmt":"2025-05-15T15:09:49","guid":{"rendered":"https:\/\/irankiuzona.lt\/product\/anglies-dioksido-duju-co2-testeris-be-skyscio-3\/"},"modified":"2026-04-14T21:20:41","modified_gmt":"2026-04-14T21:20:41","slug":"anglies-dioksido-duju-co2-testeris-be-skyscio-3","status":"publish","type":"product","link":"https:\/\/irankiuzona.lt\/ru\/product\/anglies-dioksido-duju-co2-testeris-be-skyscio-3\/","title":{"rendered":"Anglies dioksido duj\u0173 CO2 testeris\/ be skys\u010dio"},"content":{"rendered":"<p>Komplektacijoje n\u0117ra skys\u010dio. Papildomai galima \u012fsigyti kodu:\u00a0R1026\u00a0arba\u00a0C5046-04<\/p>","protected":false},"excerpt":{"rendered":"<p>Anglies dioksido duj\u0173 testeris<\/p>","protected":false},"featured_media":185018,"comment_status":"open","ping_status":"open","template":"","meta":[],"product_cat":[9752],"product_tag":[9810],"class_list":{"0":"post-402666","1":"product","2":"type-product","3":"status-publish","4":"has-post-thumbnail","6":"product_brand-geko-lenkija","7":"product_cat-anglies-dioksido-co2-testeriai","8":"product_tag-geko-lenkija","10":"first","11":"instock","12":"purchasable","13":"product-type-simple"},"jetpack_sharing_enabled":true,"_links":{"self":[{"href":"https:\/\/irankiuzona.lt\/ru\/wp-json\/wp\/v2\/product\/402666","targetHints":{"allow":["GET"]}}],"collection":[{"href":"https:\/\/irankiuzona.lt\/ru\/wp-json\/wp\/v2\/product"}],"about":[{"href":"https:\/\/irankiuzona.lt\/ru\/wp-json\/wp\/v2\/types\/product"}],"replies":[{"embeddable":true,"href":"https:\/\/irankiuzona.lt\/ru\/wp-json\/wp\/v2\/comments?post=402666"}],"version-history":[{"count":1,"href":"https:\/\/irankiuzona.lt\/ru\/wp-json\/wp\/v2\/product\/402666\/revisions"}],"predecessor-version":[{"id":417976,"href":"https:\/\/irankiuzona.lt\/ru\/wp-json\/wp\/v2\/product\/402666\/revisions\/417976"}],"wp:featuredmedia":[{"embeddable":true,"href":"https:\/\/irankiuzona.lt\/ru\/wp-json\/wp\/v2\/media\/185018"}],"wp:attachment":[{"href":"https:\/\/irankiuzona.lt\/ru\/wp-json\/wp\/v2\/media?parent=402666"}],"wp:term":[{"taxonomy":"product_cat","embeddable":true,"href":"https:\/\/irankiuzona.lt\/ru\/wp-json\/wp\/v2\/product_cat?post=402666"},{"taxonomy":"product_tag","embeddable":true,"href":"https:\/\/irankiuzona.lt\/ru\/wp-json\/wp\/v2\/product_tag?post=402666"}],"curies":[{"name":"wp","href":"https:\/\/api.w.org\/{rel}","templated":true}]}}