{"id":402674,"date":"2025-05-15T15:09:54","date_gmt":"2025-05-15T15:09:54","guid":{"rendered":"https:\/\/irankiuzona.lt\/product\/duslintuvo-plestuvai-3vnt-3\/"},"modified":"2026-04-15T17:41:21","modified_gmt":"2026-04-15T17:41:21","slug":"duslintuvo-plestuvai-3vnt-3","status":"publish","type":"product","link":"https:\/\/irankiuzona.lt\/ru\/product\/duslintuvo-plestuvai-3vnt-3\/","title":{"rendered":"Duslintuvo pl\u0117stuvai 3vnt."},"content":{"rendered":"<p>pl\u0117stuvas 29-44mmpl\u0117stuvas 38-64mmpl\u0117stuvas 54-89mm<\/p>","protected":false},"excerpt":{"rendered":"<p>Duslintuvo pl\u0117stuvai 3vnt.<\/p>","protected":false},"featured_media":185026,"comment_status":"open","ping_status":"open","template":"","meta":[],"product_cat":[9537],"product_tag":[9810],"class_list":{"0":"post-402674","1":"product","2":"type-product","3":"status-publish","4":"has-post-thumbnail","6":"product_brand-geko-lenkija","7":"product_cat-duslintuvo-remontui","8":"product_tag-geko-lenkija","10":"first","11":"outofstock","12":"purchasable","13":"product-type-simple"},"jetpack_sharing_enabled":true,"_links":{"self":[{"href":"https:\/\/irankiuzona.lt\/ru\/wp-json\/wp\/v2\/product\/402674","targetHints":{"allow":["GET"]}}],"collection":[{"href":"https:\/\/irankiuzona.lt\/ru\/wp-json\/wp\/v2\/product"}],"about":[{"href":"https:\/\/irankiuzona.lt\/ru\/wp-json\/wp\/v2\/types\/product"}],"replies":[{"embeddable":true,"href":"https:\/\/irankiuzona.lt\/ru\/wp-json\/wp\/v2\/comments?post=402674"}],"version-history":[{"count":1,"href":"https:\/\/irankiuzona.lt\/ru\/wp-json\/wp\/v2\/product\/402674\/revisions"}],"predecessor-version":[{"id":417980,"href":"https:\/\/irankiuzona.lt\/ru\/wp-json\/wp\/v2\/product\/402674\/revisions\/417980"}],"wp:featuredmedia":[{"embeddable":true,"href":"https:\/\/irankiuzona.lt\/ru\/wp-json\/wp\/v2\/media\/185026"}],"wp:attachment":[{"href":"https:\/\/irankiuzona.lt\/ru\/wp-json\/wp\/v2\/media?parent=402674"}],"wp:term":[{"taxonomy":"product_cat","embeddable":true,"href":"https:\/\/irankiuzona.lt\/ru\/wp-json\/wp\/v2\/product_cat?post=402674"},{"taxonomy":"product_tag","embeddable":true,"href":"https:\/\/irankiuzona.lt\/ru\/wp-json\/wp\/v2\/product_tag?post=402674"}],"curies":[{"name":"wp","href":"https:\/\/api.w.org\/{rel}","templated":true}]}}