{"id":402676,"date":"2025-05-15T15:09:56","date_gmt":"2025-05-15T15:09:56","guid":{"rendered":"https:\/\/irankiuzona.lt\/product\/ratu-stebules-nuemejas-17-daliu-2\/"},"modified":"2026-03-17T02:05:32","modified_gmt":"2026-03-17T02:05:32","slug":"ratu-stebules-nuemejas-17-daliu-2","status":"publish","type":"product","link":"https:\/\/irankiuzona.lt\/ru\/product\/ratu-stebules-nuemejas-17-daliu-2\/","title":{"rendered":"Rat\u0173 stebul\u0117s nu\u0117m\u0117jas \/ 17 dali\u0173"},"content":{"rendered":"<p>Techniniai duomenysAuk\u0161tos kokyb\u0117s plienasElement\u0173 skai\u010dius rinkinyje: 13Plaktuko svoris: 2,2 kgKreipiamosios juostos ilgis: 58 cm<br \/>\nKomplekto turinysstrypas su plaktukua\u0161ies traukiklis &#8211; 2 vntver\u017eliarak\u010dio adapterisvar\u017etai &#8211; 3 vnt<\/p>","protected":false},"excerpt":{"rendered":"<p>Rat\u0173 stebul\u0117s nu\u0117m\u0117jas \/ 17 dali\u0173<\/p>","protected":false},"featured_media":296660,"comment_status":"open","ping_status":"open","template":"","meta":[],"product_cat":[9751],"product_tag":[9810],"class_list":{"0":"post-402676","1":"product","2":"type-product","3":"status-publish","4":"has-post-thumbnail","6":"product_brand-geko-lenkija","7":"product_cat-rato-stebules-stabdziu-bugno-nuemejai","8":"product_tag-geko-lenkija","10":"first","11":"outofstock","12":"purchasable","13":"product-type-simple"},"jetpack_sharing_enabled":true,"_links":{"self":[{"href":"https:\/\/irankiuzona.lt\/ru\/wp-json\/wp\/v2\/product\/402676","targetHints":{"allow":["GET"]}}],"collection":[{"href":"https:\/\/irankiuzona.lt\/ru\/wp-json\/wp\/v2\/product"}],"about":[{"href":"https:\/\/irankiuzona.lt\/ru\/wp-json\/wp\/v2\/types\/product"}],"replies":[{"embeddable":true,"href":"https:\/\/irankiuzona.lt\/ru\/wp-json\/wp\/v2\/comments?post=402676"}],"version-history":[{"count":1,"href":"https:\/\/irankiuzona.lt\/ru\/wp-json\/wp\/v2\/product\/402676\/revisions"}],"predecessor-version":[{"id":417981,"href":"https:\/\/irankiuzona.lt\/ru\/wp-json\/wp\/v2\/product\/402676\/revisions\/417981"}],"wp:featuredmedia":[{"embeddable":true,"href":"https:\/\/irankiuzona.lt\/ru\/wp-json\/wp\/v2\/media\/296660"}],"wp:attachment":[{"href":"https:\/\/irankiuzona.lt\/ru\/wp-json\/wp\/v2\/media?parent=402676"}],"wp:term":[{"taxonomy":"product_cat","embeddable":true,"href":"https:\/\/irankiuzona.lt\/ru\/wp-json\/wp\/v2\/product_cat?post=402676"},{"taxonomy":"product_tag","embeddable":true,"href":"https:\/\/irankiuzona.lt\/ru\/wp-json\/wp\/v2\/product_tag?post=402676"}],"curies":[{"name":"wp","href":"https:\/\/api.w.org\/{rel}","templated":true}]}}